{"id":141972,"date":"2022-11-08T18:08:30","date_gmt":"2022-11-08T17:08:30","guid":{"rendered":"https:\/\/vinspirard.be\/?post_type=product&#038;p=141972"},"modified":"2026-04-15T02:01:08","modified_gmt":"2026-04-15T00:01:08","slug":"2023-bourgogne-chardonnay-millebuis-cote-chalonnaise-les-vignerons-de-buxy","status":"publish","type":"product","link":"https:\/\/vinspirard.be\/nl\/produit\/2023-bourgogne-chardonnay-millebuis-cote-chalonnaise-les-vignerons-de-buxy\/","title":{"rendered":"2023 BOURGOGNE Chardonnay MILLEBUIS C\u00f4te Chalonnaise - Les vignerons de Buxy"},"content":{"rendered":"<p class=\"qtranxs-available-languages-message qtranxs-available-languages-message-nl\">Onze verontschuldigingen, dit bericht is alleen beschikbaar in <a href=\"https:\/\/vinspirard.be\/fr\/wp-json\/wp\/v2\/product\/141972\" class=\"qtranxs-available-language-link qtranxs-available-language-link-fr\" title=\"FR\">FR<\/a>.<\/p><p>Ce vin \u00e0 la robe or clair s'ouvre sur un nez de fruits \u00e0 chair jaune. La bouche est franche et  friande avec une finale min\u00e9rale. Une expression gourmande du Chardonnay.<\/p>","protected":false},"excerpt":{"rendered":"<p>Onze verontschuldigingen, dit bericht is alleen beschikbaar in FR.Ce vin \u00e0 la robe or clair s'ouvre sur un nez de fruits \u00e0 chair jaune. La bouche est franche et friande avec une finale min\u00e9rale. Une expression gourmande du Chardonnay.<\/p>\n","protected":false},"featured_media":141973,"comment_status":"open","ping_status":"closed","template":"","meta":[],"product_brand":[],"product_cat":[694],"product_tag":[],"class_list":{"0":"post-141972","1":"product","2":"type-product","3":"status-publish","4":"has-post-thumbnail","6":"product_cat-non-classe","7":"colors-blanc","8":"colors-blanc-sec-et-fruite-blanc","9":"regions-bourgogne-france","10":"regions-france","11":"pairings-crustaces-4","12":"pairings-fruits-de-mer-2","13":"pairings-poissons-7","14":"grapes-chardonnay","15":"growers-les-vignerons-de-buxy","16":"designation-bourgogne-aop","17":"vintages-1476","18":"formats-classic","20":"first","21":"instock","22":"shipping-taxable","23":"purchasable","24":"product-type-simple"},"acf":[],"yoast_head":"<!-- This site is optimized with the Yoast SEO plugin v27.4 - https:\/\/yoast.com\/product\/yoast-seo-wordpress\/ -->\n<title>2023 BOURGOGNE Chardonnay MILLEBUIS C\u00f4te Chalonnaise - Les vignerons de Buxy - Vins Pirard<\/title>\n<meta name=\"robots\" content=\"index, follow, max-snippet:-1, max-image-preview:large, max-video-preview:-1\" \/>\n<link rel=\"canonical\" href=\"https:\/\/vinspirard.be\/produit\/2023-bourgogne-chardonnay-millebuis-cote-chalonnaise-les-vignerons-de-buxy\/\" \/>\n<meta property=\"og:locale\" content=\"nl_NL\" \/>\n<meta property=\"og:type\" content=\"article\" \/>\n<meta property=\"og:title\" content=\"2023 BOURGOGNE Chardonnay MILLEBUIS C\u00f4te Chalonnaise - Les vignerons de Buxy - Vins Pirard\" \/>\n<meta property=\"og:description\" content=\"Onze verontschuldigingen, dit bericht is alleen beschikbaar in FR.Ce vin \u00e0 la robe or clair s&#039;ouvre sur un nez de fruits \u00e0 chair jaune. La bouche est franche et friande avec une finale min\u00e9rale. Une expression gourmande du Chardonnay.\" \/>\n<meta property=\"og:url\" content=\"https:\/\/vinspirard.be\/produit\/2023-bourgogne-chardonnay-millebuis-cote-chalonnaise-les-vignerons-de-buxy\/\" \/>\n<meta property=\"og:site_name\" content=\"Vins Pirard\" \/>\n<meta property=\"article:publisher\" content=\"https:\/\/www.facebook.com\/espacevin.pirard\" \/>\n<meta property=\"article:modified_time\" content=\"2026-04-15T00:01:08+00:00\" \/>\n<meta property=\"og:image\" content=\"https:\/\/vinspirard.be\/wp-content\/uploads\/2022\/11\/C0061-.png\" \/>\n\t<meta property=\"og:image:width\" content=\"442\" \/>\n\t<meta property=\"og:image:height\" content=\"1500\" \/>\n\t<meta property=\"og:image:type\" content=\"image\/png\" \/>\n<meta name=\"twitter:card\" content=\"summary_large_image\" \/>\n<meta name=\"twitter:site\" content=\"@vinspirard\" \/>\n<meta name=\"twitter:label1\" content=\"Geschatte leestijd\" \/>\n\t<meta name=\"twitter:data1\" content=\"1 minuut\" \/>\n<script type=\"application\/ld+json\" class=\"yoast-schema-graph\">{\"@context\":\"https:\\\/\\\/schema.org\",\"@graph\":[{\"@type\":\"WebPage\",\"@id\":\"https:\\\/\\\/vinspirard.be\\\/produit\\\/2023-bourgogne-chardonnay-millebuis-cote-chalonnaise-les-vignerons-de-buxy\\\/\",\"url\":\"https:\\\/\\\/vinspirard.be\\\/produit\\\/2023-bourgogne-chardonnay-millebuis-cote-chalonnaise-les-vignerons-de-buxy\\\/\",\"name\":\"2023 BOURGOGNE Chardonnay MILLEBUIS C\u00f4te Chalonnaise - Les vignerons de Buxy - Vins Pirard\",\"isPartOf\":{\"@id\":\"https:\\\/\\\/vinspirard.be\\\/#website\"},\"primaryImageOfPage\":{\"@id\":\"https:\\\/\\\/vinspirard.be\\\/produit\\\/2023-bourgogne-chardonnay-millebuis-cote-chalonnaise-les-vignerons-de-buxy\\\/#primaryimage\"},\"image\":{\"@id\":\"https:\\\/\\\/vinspirard.be\\\/produit\\\/2023-bourgogne-chardonnay-millebuis-cote-chalonnaise-les-vignerons-de-buxy\\\/#primaryimage\"},\"thumbnailUrl\":\"https:\\\/\\\/vinspirard.be\\\/wp-content\\\/uploads\\\/2022\\\/11\\\/C0061-.png\",\"datePublished\":\"2022-11-08T17:08:30+00:00\",\"dateModified\":\"2026-04-15T00:01:08+00:00\",\"breadcrumb\":{\"@id\":\"https:\\\/\\\/vinspirard.be\\\/produit\\\/2023-bourgogne-chardonnay-millebuis-cote-chalonnaise-les-vignerons-de-buxy\\\/#breadcrumb\"},\"inLanguage\":\"nl-NL\",\"potentialAction\":[{\"@type\":\"ReadAction\",\"target\":[\"https:\\\/\\\/vinspirard.be\\\/produit\\\/2023-bourgogne-chardonnay-millebuis-cote-chalonnaise-les-vignerons-de-buxy\\\/\"]}]},{\"@type\":\"ImageObject\",\"inLanguage\":\"nl-NL\",\"@id\":\"https:\\\/\\\/vinspirard.be\\\/produit\\\/2023-bourgogne-chardonnay-millebuis-cote-chalonnaise-les-vignerons-de-buxy\\\/#primaryimage\",\"url\":\"https:\\\/\\\/vinspirard.be\\\/wp-content\\\/uploads\\\/2022\\\/11\\\/C0061-.png\",\"contentUrl\":\"https:\\\/\\\/vinspirard.be\\\/wp-content\\\/uploads\\\/2022\\\/11\\\/C0061-.png\",\"width\":442,\"height\":1500},{\"@type\":\"BreadcrumbList\",\"@id\":\"https:\\\/\\\/vinspirard.be\\\/produit\\\/2023-bourgogne-chardonnay-millebuis-cote-chalonnaise-les-vignerons-de-buxy\\\/#breadcrumb\",\"itemListElement\":[{\"@type\":\"ListItem\",\"position\":1,\"name\":\"Accueil\",\"item\":\"https:\\\/\\\/vinspirard.be\\\/\"},{\"@type\":\"ListItem\",\"position\":2,\"name\":\"Produits\",\"item\":\"https:\\\/\\\/vinspirard.be\\\/produits\\\/\"},{\"@type\":\"ListItem\",\"position\":3,\"name\":\"2023 BOURGOGNE Chardonnay MILLEBUIS C\u00f4te Chalonnaise - Les vignerons de Buxy\"}]},{\"@type\":\"WebSite\",\"@id\":\"https:\\\/\\\/vinspirard.be\\\/#website\",\"url\":\"https:\\\/\\\/vinspirard.be\\\/\",\"name\":\"Vins Pirard\",\"description\":\"Vins Pirard - Uw vertrouwde wijnhandelaar sinds 1945 - Wijnen afkomstig van wijnbouwers die trots zijn op hun appellatie. Kleinhandel. Gratis levering.\",\"publisher\":{\"@id\":\"https:\\\/\\\/vinspirard.be\\\/#organization\"},\"potentialAction\":[{\"@type\":\"SearchAction\",\"target\":{\"@type\":\"EntryPoint\",\"urlTemplate\":\"https:\\\/\\\/vinspirard.be\\\/?s={search_term_string}\"},\"query-input\":{\"@type\":\"PropertyValueSpecification\",\"valueRequired\":true,\"valueName\":\"search_term_string\"}}],\"inLanguage\":\"nl-NL\"},{\"@type\":\"Organization\",\"@id\":\"https:\\\/\\\/vinspirard.be\\\/#organization\",\"name\":\"Vins Pirard\",\"url\":\"https:\\\/\\\/vinspirard.be\\\/\",\"logo\":{\"@type\":\"ImageObject\",\"inLanguage\":\"nl-NL\",\"@id\":\"https:\\\/\\\/vinspirard.be\\\/#\\\/schema\\\/logo\\\/image\\\/\",\"url\":\"https:\\\/\\\/vinspirard.be\\\/wp-content\\\/uploads\\\/2016\\\/08\\\/pirard_favicon.png\",\"contentUrl\":\"https:\\\/\\\/vinspirard.be\\\/wp-content\\\/uploads\\\/2016\\\/08\\\/pirard_favicon.png\",\"width\":512,\"height\":512,\"caption\":\"Vins Pirard\"},\"image\":{\"@id\":\"https:\\\/\\\/vinspirard.be\\\/#\\\/schema\\\/logo\\\/image\\\/\"},\"sameAs\":[\"https:\\\/\\\/www.facebook.com\\\/espacevin.pirard\",\"https:\\\/\\\/x.com\\\/vinspirard\",\"https:\\\/\\\/www.linkedin.com\\\/company\\\/888213?trk=tyah&amp;amp;amp;trkInfo=clickedVertical:company,clickedEntityId:888213,idx:2-1-9,tarId:1474633181487,tas:pirard\"],\"email\":\"info@vinspirard.com\",\"faxNumber\":\"+32 67 77 11 99\",\"telephone\":\"+32 67 77 31 01\",\"address\":{\"@type\":\"PostalAddress\",\"streetAddress\":\"Rue de Glabais, 1\",\"postalCode\":\"B-1470\",\"addressLocality\":\"Genappe\",\"addressCountry\":\"Belgium\"}}]}<\/script>\n<!-- \/ Yoast SEO plugin. -->","yoast_head_json":{"title":"2023 BOURGOGNE Chardonnay MILLEBUIS C\u00f4te Chalonnaise - Les vignerons de Buxy - Vins Pirard","robots":{"index":"index","follow":"follow","max-snippet":"max-snippet:-1","max-image-preview":"max-image-preview:large","max-video-preview":"max-video-preview:-1"},"canonical":"https:\/\/vinspirard.be\/produit\/2023-bourgogne-chardonnay-millebuis-cote-chalonnaise-les-vignerons-de-buxy\/","og_locale":"nl_NL","og_type":"article","og_title":"2023 BOURGOGNE Chardonnay MILLEBUIS C\u00f4te Chalonnaise - Les vignerons de Buxy - Vins Pirard","og_description":"Onze verontschuldigingen, dit bericht is alleen beschikbaar in FR.Ce vin \u00e0 la robe or clair s'ouvre sur un nez de fruits \u00e0 chair jaune. La bouche est franche et friande avec une finale min\u00e9rale. Une expression gourmande du Chardonnay.","og_url":"https:\/\/vinspirard.be\/produit\/2023-bourgogne-chardonnay-millebuis-cote-chalonnaise-les-vignerons-de-buxy\/","og_site_name":"Vins Pirard","article_publisher":"https:\/\/www.facebook.com\/espacevin.pirard","article_modified_time":"2026-04-15T00:01:08+00:00","og_image":[{"width":442,"height":1500,"url":"https:\/\/vinspirard.be\/wp-content\/uploads\/2022\/11\/C0061-.png","type":"image\/png"}],"twitter_card":"summary_large_image","twitter_site":"@vinspirard","twitter_misc":{"Geschatte leestijd":"1 minuut"},"schema":{"@context":"https:\/\/schema.org","@graph":[{"@type":"WebPage","@id":"https:\/\/vinspirard.be\/produit\/2023-bourgogne-chardonnay-millebuis-cote-chalonnaise-les-vignerons-de-buxy\/","url":"https:\/\/vinspirard.be\/produit\/2023-bourgogne-chardonnay-millebuis-cote-chalonnaise-les-vignerons-de-buxy\/","name":"2023 BOURGOGNE Chardonnay MILLEBUIS C\u00f4te Chalonnaise - Les vignerons de Buxy - Vins Pirard","isPartOf":{"@id":"https:\/\/vinspirard.be\/#website"},"primaryImageOfPage":{"@id":"https:\/\/vinspirard.be\/produit\/2023-bourgogne-chardonnay-millebuis-cote-chalonnaise-les-vignerons-de-buxy\/#primaryimage"},"image":{"@id":"https:\/\/vinspirard.be\/produit\/2023-bourgogne-chardonnay-millebuis-cote-chalonnaise-les-vignerons-de-buxy\/#primaryimage"},"thumbnailUrl":"https:\/\/vinspirard.be\/wp-content\/uploads\/2022\/11\/C0061-.png","datePublished":"2022-11-08T17:08:30+00:00","dateModified":"2026-04-15T00:01:08+00:00","breadcrumb":{"@id":"https:\/\/vinspirard.be\/produit\/2023-bourgogne-chardonnay-millebuis-cote-chalonnaise-les-vignerons-de-buxy\/#breadcrumb"},"inLanguage":"nl-NL","potentialAction":[{"@type":"ReadAction","target":["https:\/\/vinspirard.be\/produit\/2023-bourgogne-chardonnay-millebuis-cote-chalonnaise-les-vignerons-de-buxy\/"]}]},{"@type":"ImageObject","inLanguage":"nl-NL","@id":"https:\/\/vinspirard.be\/produit\/2023-bourgogne-chardonnay-millebuis-cote-chalonnaise-les-vignerons-de-buxy\/#primaryimage","url":"https:\/\/vinspirard.be\/wp-content\/uploads\/2022\/11\/C0061-.png","contentUrl":"https:\/\/vinspirard.be\/wp-content\/uploads\/2022\/11\/C0061-.png","width":442,"height":1500},{"@type":"BreadcrumbList","@id":"https:\/\/vinspirard.be\/produit\/2023-bourgogne-chardonnay-millebuis-cote-chalonnaise-les-vignerons-de-buxy\/#breadcrumb","itemListElement":[{"@type":"ListItem","position":1,"name":"Accueil","item":"https:\/\/vinspirard.be\/"},{"@type":"ListItem","position":2,"name":"Produits","item":"https:\/\/vinspirard.be\/produits\/"},{"@type":"ListItem","position":3,"name":"2023 BOURGOGNE Chardonnay MILLEBUIS C\u00f4te Chalonnaise - Les vignerons de Buxy"}]},{"@type":"WebSite","@id":"https:\/\/vinspirard.be\/#website","url":"https:\/\/vinspirard.be\/","name":"Vins Pirard","description":"Vins Pirard - Uw vertrouwde wijnhandelaar sinds 1945 - Wijnen afkomstig van wijnbouwers die trots zijn op hun appellatie. Kleinhandel. Gratis levering.","publisher":{"@id":"https:\/\/vinspirard.be\/#organization"},"potentialAction":[{"@type":"SearchAction","target":{"@type":"EntryPoint","urlTemplate":"https:\/\/vinspirard.be\/?s={search_term_string}"},"query-input":{"@type":"PropertyValueSpecification","valueRequired":true,"valueName":"search_term_string"}}],"inLanguage":"nl-NL"},{"@type":"Organization","@id":"https:\/\/vinspirard.be\/#organization","name":"Vins Pirard","url":"https:\/\/vinspirard.be\/","logo":{"@type":"ImageObject","inLanguage":"nl-NL","@id":"https:\/\/vinspirard.be\/#\/schema\/logo\/image\/","url":"https:\/\/vinspirard.be\/wp-content\/uploads\/2016\/08\/pirard_favicon.png","contentUrl":"https:\/\/vinspirard.be\/wp-content\/uploads\/2016\/08\/pirard_favicon.png","width":512,"height":512,"caption":"Vins Pirard"},"image":{"@id":"https:\/\/vinspirard.be\/#\/schema\/logo\/image\/"},"sameAs":["https:\/\/www.facebook.com\/espacevin.pirard","https:\/\/x.com\/vinspirard","https:\/\/www.linkedin.com\/company\/888213?trk=tyah&amp;amp;amp;trkInfo=clickedVertical:company,clickedEntityId:888213,idx:2-1-9,tarId:1474633181487,tas:pirard"],"email":"info@vinspirard.com","faxNumber":"+32 67 77 11 99","telephone":"+32 67 77 31 01","address":{"@type":"PostalAddress","streetAddress":"Rue de Glabais, 1","postalCode":"B-1470","addressLocality":"Genappe","addressCountry":"Belgium"}}]}},"_links":{"self":[{"href":"https:\/\/vinspirard.be\/nl\/wp-json\/wp\/v2\/product\/141972","targetHints":{"allow":["GET"]}}],"collection":[{"href":"https:\/\/vinspirard.be\/nl\/wp-json\/wp\/v2\/product"}],"about":[{"href":"https:\/\/vinspirard.be\/nl\/wp-json\/wp\/v2\/types\/product"}],"replies":[{"embeddable":true,"href":"https:\/\/vinspirard.be\/nl\/wp-json\/wp\/v2\/comments?post=141972"}],"wp:featuredmedia":[{"embeddable":true,"href":"https:\/\/vinspirard.be\/nl\/wp-json\/wp\/v2\/media\/141973"}],"wp:attachment":[{"href":"https:\/\/vinspirard.be\/nl\/wp-json\/wp\/v2\/media?parent=141972"}],"wp:term":[{"taxonomy":"product_brand","embeddable":true,"href":"https:\/\/vinspirard.be\/nl\/wp-json\/wp\/v2\/product_brand?post=141972"},{"taxonomy":"product_cat","embeddable":true,"href":"https:\/\/vinspirard.be\/nl\/wp-json\/wp\/v2\/product_cat?post=141972"},{"taxonomy":"product_tag","embeddable":true,"href":"https:\/\/vinspirard.be\/nl\/wp-json\/wp\/v2\/product_tag?post=141972"}],"curies":[{"name":"wp","href":"https:\/\/api.w.org\/{rel}","templated":true}]}}