{"id":166157,"date":"2023-12-15T10:26:45","date_gmt":"2023-12-15T09:26:45","guid":{"rendered":"https:\/\/vinspirard.be\/?post_type=product&#038;p=166157"},"modified":"2026-04-16T02:01:01","modified_gmt":"2026-04-16T00:01:01","slug":"2014-le-leon-grand-cru-millesime-2014-champagne-philipponnat-cuvee-parcellaire","status":"publish","type":"product","link":"https:\/\/vinspirard.be\/nl\/produit\/2014-le-leon-grand-cru-millesime-2014-champagne-philipponnat-cuvee-parcellaire\/","title":{"rendered":"2014 LE LEON Grand Cru mill\u00e9sime 2014 Champagne PHILIPPONNAT Cuv\u00e9e parcellaire"},"content":{"rendered":"<p class=\"qtranxs-available-languages-message qtranxs-available-languages-message-nl\">Onze verontschuldigingen, dit bericht is alleen beschikbaar in <a href=\"https:\/\/vinspirard.be\/fr\/wp-json\/wp\/v2\/product\/166157\" class=\"qtranxs-available-language-link qtranxs-available-language-link-fr\" title=\"FR\">FR<\/a>.<\/p><p>100% de Pinot Noir provenant de l'unique parcelle du lieu-dit \u00ab Le L\u00e9on \u00bb, \u00e0 Ay. Premi\u00e8re presse de raisins du coeur de la Champagne, exclusivement des Grands Crus. Une bonne structure avec une attaque cr\u00e9meuse et gourmande. Pr\u00e9sente des notes de m\u00fbre et de groseille. La finale est longue et intense avec une belle min\u00e9ralit\u00e9, typique du terroir d'Ay.<\/p>","protected":false},"excerpt":{"rendered":"<p>Onze verontschuldigingen, dit bericht is alleen beschikbaar in FR.100% de Pinot Noir provenant de l'unique parcelle du lieu-dit \u00ab Le L\u00e9on \u00bb, \u00e0 Ay. Premi\u00e8re presse de raisins du coeur de la Champagne, exclusivement des Grands Crus. Une bonne structure avec une attaque cr\u00e9meuse et gourmande. Pr\u00e9sente des notes de m\u00fbre et de groseille. La [&hellip;]<\/p>\n","protected":false},"featured_media":166192,"comment_status":"closed","ping_status":"closed","template":"","meta":[],"product_brand":[],"product_cat":[694],"product_tag":[],"class_list":{"0":"post-166157","1":"product","2":"type-product","3":"status-publish","4":"has-post-thumbnail","6":"product_cat-non-classe","7":"colors-bulles","8":"colors-bulles-blanc-sec-et-gras","9":"pairings-fromages-7","10":"pairings-gibier-7","11":"pairings-plaisir-de-la-degustation-2","12":"growers-champagne-philipponnat","13":"vintages-373","14":"formats-classic","16":"first","17":"instock","18":"shipping-taxable","19":"purchasable","20":"product-type-simple"},"acf":[],"yoast_head":"<!-- This site is optimized with the Yoast SEO plugin v27.4 - https:\/\/yoast.com\/product\/yoast-seo-wordpress\/ -->\n<title>2014 LE LEON Grand Cru mill\u00e9sime 2014 Champagne PHILIPPONNAT Cuv\u00e9e parcellaire - Vins Pirard<\/title>\n<meta name=\"robots\" content=\"index, follow, max-snippet:-1, max-image-preview:large, max-video-preview:-1\" \/>\n<link rel=\"canonical\" href=\"https:\/\/vinspirard.be\/produit\/2014-le-leon-grand-cru-millesime-2014-champagne-philipponnat-cuvee-parcellaire\/\" \/>\n<meta property=\"og:locale\" content=\"nl_NL\" \/>\n<meta property=\"og:type\" content=\"article\" \/>\n<meta property=\"og:title\" content=\"2014 LE LEON Grand Cru mill\u00e9sime 2014 Champagne PHILIPPONNAT Cuv\u00e9e parcellaire - Vins Pirard\" \/>\n<meta property=\"og:description\" content=\"Onze verontschuldigingen, dit bericht is alleen beschikbaar in FR.100% de Pinot Noir provenant de l&#039;unique parcelle du lieu-dit \u00ab Le L\u00e9on \u00bb, \u00e0 Ay. Premi\u00e8re presse de raisins du coeur de la Champagne, exclusivement des Grands Crus. Une bonne structure avec une attaque cr\u00e9meuse et gourmande. Pr\u00e9sente des notes de m\u00fbre et de groseille. La [&hellip;]\" \/>\n<meta property=\"og:url\" content=\"https:\/\/vinspirard.be\/produit\/2014-le-leon-grand-cru-millesime-2014-champagne-philipponnat-cuvee-parcellaire\/\" \/>\n<meta property=\"og:site_name\" content=\"Vins Pirard\" \/>\n<meta property=\"article:publisher\" content=\"https:\/\/www.facebook.com\/espacevin.pirard\" \/>\n<meta property=\"article:modified_time\" content=\"2026-04-16T00:01:01+00:00\" \/>\n<meta property=\"og:image\" content=\"https:\/\/vinspirard.be\/wp-content\/uploads\/2023\/12\/51IF4pHsQeiaxN89LSPJEA_pb_x960.png\" \/>\n\t<meta property=\"og:image:width\" content=\"293\" \/>\n\t<meta property=\"og:image:height\" content=\"960\" \/>\n\t<meta property=\"og:image:type\" content=\"image\/png\" \/>\n<meta name=\"twitter:card\" content=\"summary_large_image\" \/>\n<meta name=\"twitter:site\" content=\"@vinspirard\" \/>\n<meta name=\"twitter:label1\" content=\"Geschatte leestijd\" \/>\n\t<meta name=\"twitter:data1\" content=\"1 minuut\" \/>\n<script type=\"application\/ld+json\" class=\"yoast-schema-graph\">{\"@context\":\"https:\\\/\\\/schema.org\",\"@graph\":[{\"@type\":\"WebPage\",\"@id\":\"https:\\\/\\\/vinspirard.be\\\/produit\\\/2014-le-leon-grand-cru-millesime-2014-champagne-philipponnat-cuvee-parcellaire\\\/\",\"url\":\"https:\\\/\\\/vinspirard.be\\\/produit\\\/2014-le-leon-grand-cru-millesime-2014-champagne-philipponnat-cuvee-parcellaire\\\/\",\"name\":\"2014 LE LEON Grand Cru mill\u00e9sime 2014 Champagne PHILIPPONNAT Cuv\u00e9e parcellaire - Vins Pirard\",\"isPartOf\":{\"@id\":\"https:\\\/\\\/vinspirard.be\\\/#website\"},\"primaryImageOfPage\":{\"@id\":\"https:\\\/\\\/vinspirard.be\\\/produit\\\/2014-le-leon-grand-cru-millesime-2014-champagne-philipponnat-cuvee-parcellaire\\\/#primaryimage\"},\"image\":{\"@id\":\"https:\\\/\\\/vinspirard.be\\\/produit\\\/2014-le-leon-grand-cru-millesime-2014-champagne-philipponnat-cuvee-parcellaire\\\/#primaryimage\"},\"thumbnailUrl\":\"https:\\\/\\\/vinspirard.be\\\/wp-content\\\/uploads\\\/2023\\\/12\\\/51IF4pHsQeiaxN89LSPJEA_pb_x960.png\",\"datePublished\":\"2023-12-15T09:26:45+00:00\",\"dateModified\":\"2026-04-16T00:01:01+00:00\",\"breadcrumb\":{\"@id\":\"https:\\\/\\\/vinspirard.be\\\/produit\\\/2014-le-leon-grand-cru-millesime-2014-champagne-philipponnat-cuvee-parcellaire\\\/#breadcrumb\"},\"inLanguage\":\"nl-NL\",\"potentialAction\":[{\"@type\":\"ReadAction\",\"target\":[\"https:\\\/\\\/vinspirard.be\\\/produit\\\/2014-le-leon-grand-cru-millesime-2014-champagne-philipponnat-cuvee-parcellaire\\\/\"]}]},{\"@type\":\"ImageObject\",\"inLanguage\":\"nl-NL\",\"@id\":\"https:\\\/\\\/vinspirard.be\\\/produit\\\/2014-le-leon-grand-cru-millesime-2014-champagne-philipponnat-cuvee-parcellaire\\\/#primaryimage\",\"url\":\"https:\\\/\\\/vinspirard.be\\\/wp-content\\\/uploads\\\/2023\\\/12\\\/51IF4pHsQeiaxN89LSPJEA_pb_x960.png\",\"contentUrl\":\"https:\\\/\\\/vinspirard.be\\\/wp-content\\\/uploads\\\/2023\\\/12\\\/51IF4pHsQeiaxN89LSPJEA_pb_x960.png\",\"width\":293,\"height\":960},{\"@type\":\"BreadcrumbList\",\"@id\":\"https:\\\/\\\/vinspirard.be\\\/produit\\\/2014-le-leon-grand-cru-millesime-2014-champagne-philipponnat-cuvee-parcellaire\\\/#breadcrumb\",\"itemListElement\":[{\"@type\":\"ListItem\",\"position\":1,\"name\":\"Accueil\",\"item\":\"https:\\\/\\\/vinspirard.be\\\/\"},{\"@type\":\"ListItem\",\"position\":2,\"name\":\"Produits\",\"item\":\"https:\\\/\\\/vinspirard.be\\\/produits\\\/\"},{\"@type\":\"ListItem\",\"position\":3,\"name\":\"2014 LE LEON Grand Cru mill\u00e9sime 2014 Champagne PHILIPPONNAT Cuv\u00e9e parcellaire\"}]},{\"@type\":\"WebSite\",\"@id\":\"https:\\\/\\\/vinspirard.be\\\/#website\",\"url\":\"https:\\\/\\\/vinspirard.be\\\/\",\"name\":\"Vins Pirard\",\"description\":\"Vins Pirard - Uw vertrouwde wijnhandelaar sinds 1945 - Wijnen afkomstig van wijnbouwers die trots zijn op hun appellatie. Kleinhandel. Gratis levering.\",\"publisher\":{\"@id\":\"https:\\\/\\\/vinspirard.be\\\/#organization\"},\"potentialAction\":[{\"@type\":\"SearchAction\",\"target\":{\"@type\":\"EntryPoint\",\"urlTemplate\":\"https:\\\/\\\/vinspirard.be\\\/?s={search_term_string}\"},\"query-input\":{\"@type\":\"PropertyValueSpecification\",\"valueRequired\":true,\"valueName\":\"search_term_string\"}}],\"inLanguage\":\"nl-NL\"},{\"@type\":\"Organization\",\"@id\":\"https:\\\/\\\/vinspirard.be\\\/#organization\",\"name\":\"Vins Pirard\",\"url\":\"https:\\\/\\\/vinspirard.be\\\/\",\"logo\":{\"@type\":\"ImageObject\",\"inLanguage\":\"nl-NL\",\"@id\":\"https:\\\/\\\/vinspirard.be\\\/#\\\/schema\\\/logo\\\/image\\\/\",\"url\":\"https:\\\/\\\/vinspirard.be\\\/wp-content\\\/uploads\\\/2016\\\/08\\\/pirard_favicon.png\",\"contentUrl\":\"https:\\\/\\\/vinspirard.be\\\/wp-content\\\/uploads\\\/2016\\\/08\\\/pirard_favicon.png\",\"width\":512,\"height\":512,\"caption\":\"Vins Pirard\"},\"image\":{\"@id\":\"https:\\\/\\\/vinspirard.be\\\/#\\\/schema\\\/logo\\\/image\\\/\"},\"sameAs\":[\"https:\\\/\\\/www.facebook.com\\\/espacevin.pirard\",\"https:\\\/\\\/x.com\\\/vinspirard\",\"https:\\\/\\\/www.linkedin.com\\\/company\\\/888213?trk=tyah&amp;amp;amp;trkInfo=clickedVertical:company,clickedEntityId:888213,idx:2-1-9,tarId:1474633181487,tas:pirard\"],\"email\":\"info@vinspirard.com\",\"faxNumber\":\"+32 67 77 11 99\",\"telephone\":\"+32 67 77 31 01\",\"address\":{\"@type\":\"PostalAddress\",\"streetAddress\":\"Rue de Glabais, 1\",\"postalCode\":\"B-1470\",\"addressLocality\":\"Genappe\",\"addressCountry\":\"Belgium\"}}]}<\/script>\n<!-- \/ Yoast SEO plugin. -->","yoast_head_json":{"title":"2014 LE LEON Grand Cru mill\u00e9sime 2014 Champagne PHILIPPONNAT Cuv\u00e9e parcellaire - Vins Pirard","robots":{"index":"index","follow":"follow","max-snippet":"max-snippet:-1","max-image-preview":"max-image-preview:large","max-video-preview":"max-video-preview:-1"},"canonical":"https:\/\/vinspirard.be\/produit\/2014-le-leon-grand-cru-millesime-2014-champagne-philipponnat-cuvee-parcellaire\/","og_locale":"nl_NL","og_type":"article","og_title":"2014 LE LEON Grand Cru mill\u00e9sime 2014 Champagne PHILIPPONNAT Cuv\u00e9e parcellaire - Vins Pirard","og_description":"Onze verontschuldigingen, dit bericht is alleen beschikbaar in FR.100% de Pinot Noir provenant de l'unique parcelle du lieu-dit \u00ab Le L\u00e9on \u00bb, \u00e0 Ay. Premi\u00e8re presse de raisins du coeur de la Champagne, exclusivement des Grands Crus. Une bonne structure avec une attaque cr\u00e9meuse et gourmande. Pr\u00e9sente des notes de m\u00fbre et de groseille. La [&hellip;]","og_url":"https:\/\/vinspirard.be\/produit\/2014-le-leon-grand-cru-millesime-2014-champagne-philipponnat-cuvee-parcellaire\/","og_site_name":"Vins Pirard","article_publisher":"https:\/\/www.facebook.com\/espacevin.pirard","article_modified_time":"2026-04-16T00:01:01+00:00","og_image":[{"width":293,"height":960,"url":"https:\/\/vinspirard.be\/wp-content\/uploads\/2023\/12\/51IF4pHsQeiaxN89LSPJEA_pb_x960.png","type":"image\/png"}],"twitter_card":"summary_large_image","twitter_site":"@vinspirard","twitter_misc":{"Geschatte leestijd":"1 minuut"},"schema":{"@context":"https:\/\/schema.org","@graph":[{"@type":"WebPage","@id":"https:\/\/vinspirard.be\/produit\/2014-le-leon-grand-cru-millesime-2014-champagne-philipponnat-cuvee-parcellaire\/","url":"https:\/\/vinspirard.be\/produit\/2014-le-leon-grand-cru-millesime-2014-champagne-philipponnat-cuvee-parcellaire\/","name":"2014 LE LEON Grand Cru mill\u00e9sime 2014 Champagne PHILIPPONNAT Cuv\u00e9e parcellaire - Vins Pirard","isPartOf":{"@id":"https:\/\/vinspirard.be\/#website"},"primaryImageOfPage":{"@id":"https:\/\/vinspirard.be\/produit\/2014-le-leon-grand-cru-millesime-2014-champagne-philipponnat-cuvee-parcellaire\/#primaryimage"},"image":{"@id":"https:\/\/vinspirard.be\/produit\/2014-le-leon-grand-cru-millesime-2014-champagne-philipponnat-cuvee-parcellaire\/#primaryimage"},"thumbnailUrl":"https:\/\/vinspirard.be\/wp-content\/uploads\/2023\/12\/51IF4pHsQeiaxN89LSPJEA_pb_x960.png","datePublished":"2023-12-15T09:26:45+00:00","dateModified":"2026-04-16T00:01:01+00:00","breadcrumb":{"@id":"https:\/\/vinspirard.be\/produit\/2014-le-leon-grand-cru-millesime-2014-champagne-philipponnat-cuvee-parcellaire\/#breadcrumb"},"inLanguage":"nl-NL","potentialAction":[{"@type":"ReadAction","target":["https:\/\/vinspirard.be\/produit\/2014-le-leon-grand-cru-millesime-2014-champagne-philipponnat-cuvee-parcellaire\/"]}]},{"@type":"ImageObject","inLanguage":"nl-NL","@id":"https:\/\/vinspirard.be\/produit\/2014-le-leon-grand-cru-millesime-2014-champagne-philipponnat-cuvee-parcellaire\/#primaryimage","url":"https:\/\/vinspirard.be\/wp-content\/uploads\/2023\/12\/51IF4pHsQeiaxN89LSPJEA_pb_x960.png","contentUrl":"https:\/\/vinspirard.be\/wp-content\/uploads\/2023\/12\/51IF4pHsQeiaxN89LSPJEA_pb_x960.png","width":293,"height":960},{"@type":"BreadcrumbList","@id":"https:\/\/vinspirard.be\/produit\/2014-le-leon-grand-cru-millesime-2014-champagne-philipponnat-cuvee-parcellaire\/#breadcrumb","itemListElement":[{"@type":"ListItem","position":1,"name":"Accueil","item":"https:\/\/vinspirard.be\/"},{"@type":"ListItem","position":2,"name":"Produits","item":"https:\/\/vinspirard.be\/produits\/"},{"@type":"ListItem","position":3,"name":"2014 LE LEON Grand Cru mill\u00e9sime 2014 Champagne PHILIPPONNAT Cuv\u00e9e parcellaire"}]},{"@type":"WebSite","@id":"https:\/\/vinspirard.be\/#website","url":"https:\/\/vinspirard.be\/","name":"Vins Pirard","description":"Vins Pirard - Uw vertrouwde wijnhandelaar sinds 1945 - Wijnen afkomstig van wijnbouwers die trots zijn op hun appellatie. Kleinhandel. Gratis levering.","publisher":{"@id":"https:\/\/vinspirard.be\/#organization"},"potentialAction":[{"@type":"SearchAction","target":{"@type":"EntryPoint","urlTemplate":"https:\/\/vinspirard.be\/?s={search_term_string}"},"query-input":{"@type":"PropertyValueSpecification","valueRequired":true,"valueName":"search_term_string"}}],"inLanguage":"nl-NL"},{"@type":"Organization","@id":"https:\/\/vinspirard.be\/#organization","name":"Vins Pirard","url":"https:\/\/vinspirard.be\/","logo":{"@type":"ImageObject","inLanguage":"nl-NL","@id":"https:\/\/vinspirard.be\/#\/schema\/logo\/image\/","url":"https:\/\/vinspirard.be\/wp-content\/uploads\/2016\/08\/pirard_favicon.png","contentUrl":"https:\/\/vinspirard.be\/wp-content\/uploads\/2016\/08\/pirard_favicon.png","width":512,"height":512,"caption":"Vins Pirard"},"image":{"@id":"https:\/\/vinspirard.be\/#\/schema\/logo\/image\/"},"sameAs":["https:\/\/www.facebook.com\/espacevin.pirard","https:\/\/x.com\/vinspirard","https:\/\/www.linkedin.com\/company\/888213?trk=tyah&amp;amp;amp;trkInfo=clickedVertical:company,clickedEntityId:888213,idx:2-1-9,tarId:1474633181487,tas:pirard"],"email":"info@vinspirard.com","faxNumber":"+32 67 77 11 99","telephone":"+32 67 77 31 01","address":{"@type":"PostalAddress","streetAddress":"Rue de Glabais, 1","postalCode":"B-1470","addressLocality":"Genappe","addressCountry":"Belgium"}}]}},"_links":{"self":[{"href":"https:\/\/vinspirard.be\/nl\/wp-json\/wp\/v2\/product\/166157","targetHints":{"allow":["GET"]}}],"collection":[{"href":"https:\/\/vinspirard.be\/nl\/wp-json\/wp\/v2\/product"}],"about":[{"href":"https:\/\/vinspirard.be\/nl\/wp-json\/wp\/v2\/types\/product"}],"replies":[{"embeddable":true,"href":"https:\/\/vinspirard.be\/nl\/wp-json\/wp\/v2\/comments?post=166157"}],"wp:featuredmedia":[{"embeddable":true,"href":"https:\/\/vinspirard.be\/nl\/wp-json\/wp\/v2\/media\/166192"}],"wp:attachment":[{"href":"https:\/\/vinspirard.be\/nl\/wp-json\/wp\/v2\/media?parent=166157"}],"wp:term":[{"taxonomy":"product_brand","embeddable":true,"href":"https:\/\/vinspirard.be\/nl\/wp-json\/wp\/v2\/product_brand?post=166157"},{"taxonomy":"product_cat","embeddable":true,"href":"https:\/\/vinspirard.be\/nl\/wp-json\/wp\/v2\/product_cat?post=166157"},{"taxonomy":"product_tag","embeddable":true,"href":"https:\/\/vinspirard.be\/nl\/wp-json\/wp\/v2\/product_tag?post=166157"}],"curies":[{"name":"wp","href":"https:\/\/api.w.org\/{rel}","templated":true}]}}