{"id":170902,"date":"2024-03-07T17:03:48","date_gmt":"2024-03-07T16:03:48","guid":{"rendered":"https:\/\/vinspirard.be\/?post_type=product&#038;p=170902"},"modified":"2026-04-15T02:00:58","modified_gmt":"2026-04-15T00:00:58","slug":"2020-les-bastides-bardi-dalquier-faugeres-domaine-bardi-dalquier","status":"publish","type":"product","link":"https:\/\/vinspirard.be\/nl\/produit\/2020-les-bastides-bardi-dalquier-faugeres-domaine-bardi-dalquier\/","title":{"rendered":"2020 LES BASTIDES Bardi d'Alquier FAUGERES Domaine BARDI D'ALQUIER"},"content":{"rendered":"<p class=\"qtranxs-available-languages-message qtranxs-available-languages-message-nl\">Onze verontschuldigingen, dit bericht is alleen beschikbaar in <a href=\"https:\/\/vinspirard.be\/fr\/wp-json\/wp\/v2\/product\/170902\" class=\"qtranxs-available-language-link qtranxs-available-language-link-fr\" title=\"FR\">FR<\/a>.<\/p><p>\"Les Bastides et un vin aux notes florales, d'\u00e9pices et de garrigue. La bouche est large et  profonde et les tanins marquent un effet l\u00e9g\u00e8rement sucrant et ferme en finale.\"RVF  Guide des meilleurs vins 2023.\"Groseilles, sous-bois, cuir, \u00e9corces et des \u00e9pices pour  p\u00e2tisserie. Corps moyen avec des tanins fermes. S\u00e9rieux et structur\u00e9 avec un noyau  juteux de fruits rouges en milieu de bouche. Une vaste gamme d'\u00e9pices et d'herbes  m\u00e9diterran\u00e9ennes donnant un coup de pied vers la finale anim\u00e9e. A Boire ou  garder.\"James Suckling - 91 pts.<\/p>","protected":false},"excerpt":{"rendered":"<p>Onze verontschuldigingen, dit bericht is alleen beschikbaar in FR.\"Les Bastides et un vin aux notes florales, d'\u00e9pices et de garrigue. La bouche est large et profonde et les tanins marquent un effet l\u00e9g\u00e8rement sucrant et ferme en finale.\"RVF Guide des meilleurs vins 2023.\"Groseilles, sous-bois, cuir, \u00e9corces et des \u00e9pices pour p\u00e2tisserie. Corps moyen avec des [&hellip;]<\/p>\n","protected":false},"featured_media":169376,"comment_status":"closed","ping_status":"closed","template":"","meta":[],"product_brand":[],"product_cat":[694],"product_tag":[],"class_list":{"0":"post-170902","1":"product","2":"type-product","3":"status-publish","4":"has-post-thumbnail","6":"product_cat-non-classe","7":"colors-rouge","8":"colors-rouge-ample-et-genereux","9":"regions-france","10":"regions-languedoc-roussillon-france","11":"pairings-agneau-7","12":"pairings-boeuf","13":"pairings-fromages-7","14":"pairings-gibier-7","15":"pairings-grillades","16":"grapes-grenache","17":"grapes-syrah","18":"growers-domaine-bardi-dalquier","19":"designation-faugeres","20":"vintages-1104","21":"formats-classic","23":"first","24":"instock","25":"shipping-taxable","26":"purchasable","27":"product-type-simple"},"acf":[],"yoast_head":"<!-- This site is optimized with the Yoast SEO plugin v27.4 - https:\/\/yoast.com\/product\/yoast-seo-wordpress\/ -->\n<title>2020 LES BASTIDES Bardi d&#039;Alquier FAUGERES Domaine BARDI D&#039;ALQUIER - Vins Pirard<\/title>\n<meta name=\"robots\" content=\"index, follow, max-snippet:-1, max-image-preview:large, max-video-preview:-1\" \/>\n<link rel=\"canonical\" href=\"https:\/\/vinspirard.be\/produit\/2020-les-bastides-bardi-dalquier-faugeres-domaine-bardi-dalquier\/\" \/>\n<meta property=\"og:locale\" content=\"nl_NL\" \/>\n<meta property=\"og:type\" content=\"article\" \/>\n<meta property=\"og:title\" content=\"2020 LES BASTIDES Bardi d&#039;Alquier FAUGERES Domaine BARDI D&#039;ALQUIER - Vins Pirard\" \/>\n<meta property=\"og:description\" content=\"Onze verontschuldigingen, dit bericht is alleen beschikbaar in FR.&quot;Les Bastides et un vin aux notes florales, d&#039;\u00e9pices et de garrigue. La bouche est large et profonde et les tanins marquent un effet l\u00e9g\u00e8rement sucrant et ferme en finale.&quot;RVF Guide des meilleurs vins 2023.&quot;Groseilles, sous-bois, cuir, \u00e9corces et des \u00e9pices pour p\u00e2tisserie. Corps moyen avec des [&hellip;]\" \/>\n<meta property=\"og:url\" content=\"https:\/\/vinspirard.be\/produit\/2020-les-bastides-bardi-dalquier-faugeres-domaine-bardi-dalquier\/\" \/>\n<meta property=\"og:site_name\" content=\"Vins Pirard\" \/>\n<meta property=\"article:publisher\" content=\"https:\/\/www.facebook.com\/espacevin.pirard\" \/>\n<meta property=\"article:modified_time\" content=\"2026-04-15T00:00:58+00:00\" \/>\n<meta property=\"og:image\" content=\"https:\/\/vinspirard.be\/wp-content\/uploads\/2016\/09\/M1816-.png\" \/>\n\t<meta property=\"og:image:width\" content=\"449\" \/>\n\t<meta property=\"og:image:height\" content=\"1500\" \/>\n\t<meta property=\"og:image:type\" content=\"image\/png\" \/>\n<meta name=\"twitter:card\" content=\"summary_large_image\" \/>\n<meta name=\"twitter:site\" content=\"@vinspirard\" \/>\n<meta name=\"twitter:label1\" content=\"Geschatte leestijd\" \/>\n\t<meta name=\"twitter:data1\" content=\"1 minuut\" \/>\n<script type=\"application\/ld+json\" class=\"yoast-schema-graph\">{\"@context\":\"https:\\\/\\\/schema.org\",\"@graph\":[{\"@type\":\"WebPage\",\"@id\":\"https:\\\/\\\/vinspirard.be\\\/produit\\\/2020-les-bastides-bardi-dalquier-faugeres-domaine-bardi-dalquier\\\/\",\"url\":\"https:\\\/\\\/vinspirard.be\\\/produit\\\/2020-les-bastides-bardi-dalquier-faugeres-domaine-bardi-dalquier\\\/\",\"name\":\"2020 LES BASTIDES Bardi d'Alquier FAUGERES Domaine BARDI D'ALQUIER - Vins Pirard\",\"isPartOf\":{\"@id\":\"https:\\\/\\\/vinspirard.be\\\/#website\"},\"primaryImageOfPage\":{\"@id\":\"https:\\\/\\\/vinspirard.be\\\/produit\\\/2020-les-bastides-bardi-dalquier-faugeres-domaine-bardi-dalquier\\\/#primaryimage\"},\"image\":{\"@id\":\"https:\\\/\\\/vinspirard.be\\\/produit\\\/2020-les-bastides-bardi-dalquier-faugeres-domaine-bardi-dalquier\\\/#primaryimage\"},\"thumbnailUrl\":\"https:\\\/\\\/vinspirard.be\\\/wp-content\\\/uploads\\\/2016\\\/09\\\/M1816-.png\",\"datePublished\":\"2024-03-07T16:03:48+00:00\",\"dateModified\":\"2026-04-15T00:00:58+00:00\",\"breadcrumb\":{\"@id\":\"https:\\\/\\\/vinspirard.be\\\/produit\\\/2020-les-bastides-bardi-dalquier-faugeres-domaine-bardi-dalquier\\\/#breadcrumb\"},\"inLanguage\":\"nl-NL\",\"potentialAction\":[{\"@type\":\"ReadAction\",\"target\":[\"https:\\\/\\\/vinspirard.be\\\/produit\\\/2020-les-bastides-bardi-dalquier-faugeres-domaine-bardi-dalquier\\\/\"]}]},{\"@type\":\"ImageObject\",\"inLanguage\":\"nl-NL\",\"@id\":\"https:\\\/\\\/vinspirard.be\\\/produit\\\/2020-les-bastides-bardi-dalquier-faugeres-domaine-bardi-dalquier\\\/#primaryimage\",\"url\":\"https:\\\/\\\/vinspirard.be\\\/wp-content\\\/uploads\\\/2016\\\/09\\\/M1816-.png\",\"contentUrl\":\"https:\\\/\\\/vinspirard.be\\\/wp-content\\\/uploads\\\/2016\\\/09\\\/M1816-.png\",\"width\":449,\"height\":1500},{\"@type\":\"BreadcrumbList\",\"@id\":\"https:\\\/\\\/vinspirard.be\\\/produit\\\/2020-les-bastides-bardi-dalquier-faugeres-domaine-bardi-dalquier\\\/#breadcrumb\",\"itemListElement\":[{\"@type\":\"ListItem\",\"position\":1,\"name\":\"Accueil\",\"item\":\"https:\\\/\\\/vinspirard.be\\\/\"},{\"@type\":\"ListItem\",\"position\":2,\"name\":\"Produits\",\"item\":\"https:\\\/\\\/vinspirard.be\\\/produits\\\/\"},{\"@type\":\"ListItem\",\"position\":3,\"name\":\"2020 LES BASTIDES Bardi d'Alquier FAUGERES Domaine BARDI D'ALQUIER\"}]},{\"@type\":\"WebSite\",\"@id\":\"https:\\\/\\\/vinspirard.be\\\/#website\",\"url\":\"https:\\\/\\\/vinspirard.be\\\/\",\"name\":\"Vins Pirard\",\"description\":\"Vins Pirard - Uw vertrouwde wijnhandelaar sinds 1945 - Wijnen afkomstig van wijnbouwers die trots zijn op hun appellatie. Kleinhandel. Gratis levering.\",\"publisher\":{\"@id\":\"https:\\\/\\\/vinspirard.be\\\/#organization\"},\"potentialAction\":[{\"@type\":\"SearchAction\",\"target\":{\"@type\":\"EntryPoint\",\"urlTemplate\":\"https:\\\/\\\/vinspirard.be\\\/?s={search_term_string}\"},\"query-input\":{\"@type\":\"PropertyValueSpecification\",\"valueRequired\":true,\"valueName\":\"search_term_string\"}}],\"inLanguage\":\"nl-NL\"},{\"@type\":\"Organization\",\"@id\":\"https:\\\/\\\/vinspirard.be\\\/#organization\",\"name\":\"Vins Pirard\",\"url\":\"https:\\\/\\\/vinspirard.be\\\/\",\"logo\":{\"@type\":\"ImageObject\",\"inLanguage\":\"nl-NL\",\"@id\":\"https:\\\/\\\/vinspirard.be\\\/#\\\/schema\\\/logo\\\/image\\\/\",\"url\":\"https:\\\/\\\/vinspirard.be\\\/wp-content\\\/uploads\\\/2016\\\/08\\\/pirard_favicon.png\",\"contentUrl\":\"https:\\\/\\\/vinspirard.be\\\/wp-content\\\/uploads\\\/2016\\\/08\\\/pirard_favicon.png\",\"width\":512,\"height\":512,\"caption\":\"Vins Pirard\"},\"image\":{\"@id\":\"https:\\\/\\\/vinspirard.be\\\/#\\\/schema\\\/logo\\\/image\\\/\"},\"sameAs\":[\"https:\\\/\\\/www.facebook.com\\\/espacevin.pirard\",\"https:\\\/\\\/x.com\\\/vinspirard\",\"https:\\\/\\\/www.linkedin.com\\\/company\\\/888213?trk=tyah&amp;amp;amp;trkInfo=clickedVertical:company,clickedEntityId:888213,idx:2-1-9,tarId:1474633181487,tas:pirard\"],\"email\":\"info@vinspirard.com\",\"faxNumber\":\"+32 67 77 11 99\",\"telephone\":\"+32 67 77 31 01\",\"address\":{\"@type\":\"PostalAddress\",\"streetAddress\":\"Rue de Glabais, 1\",\"postalCode\":\"B-1470\",\"addressLocality\":\"Genappe\",\"addressCountry\":\"Belgium\"}}]}<\/script>\n<!-- \/ Yoast SEO plugin. -->","yoast_head_json":{"title":"2020 LES BASTIDES Bardi d'Alquier FAUGERES Domaine BARDI D'ALQUIER - Vins Pirard","robots":{"index":"index","follow":"follow","max-snippet":"max-snippet:-1","max-image-preview":"max-image-preview:large","max-video-preview":"max-video-preview:-1"},"canonical":"https:\/\/vinspirard.be\/produit\/2020-les-bastides-bardi-dalquier-faugeres-domaine-bardi-dalquier\/","og_locale":"nl_NL","og_type":"article","og_title":"2020 LES BASTIDES Bardi d'Alquier FAUGERES Domaine BARDI D'ALQUIER - Vins Pirard","og_description":"Onze verontschuldigingen, dit bericht is alleen beschikbaar in FR.\"Les Bastides et un vin aux notes florales, d'\u00e9pices et de garrigue. La bouche est large et profonde et les tanins marquent un effet l\u00e9g\u00e8rement sucrant et ferme en finale.\"RVF Guide des meilleurs vins 2023.\"Groseilles, sous-bois, cuir, \u00e9corces et des \u00e9pices pour p\u00e2tisserie. Corps moyen avec des [&hellip;]","og_url":"https:\/\/vinspirard.be\/produit\/2020-les-bastides-bardi-dalquier-faugeres-domaine-bardi-dalquier\/","og_site_name":"Vins Pirard","article_publisher":"https:\/\/www.facebook.com\/espacevin.pirard","article_modified_time":"2026-04-15T00:00:58+00:00","og_image":[{"width":449,"height":1500,"url":"https:\/\/vinspirard.be\/wp-content\/uploads\/2016\/09\/M1816-.png","type":"image\/png"}],"twitter_card":"summary_large_image","twitter_site":"@vinspirard","twitter_misc":{"Geschatte leestijd":"1 minuut"},"schema":{"@context":"https:\/\/schema.org","@graph":[{"@type":"WebPage","@id":"https:\/\/vinspirard.be\/produit\/2020-les-bastides-bardi-dalquier-faugeres-domaine-bardi-dalquier\/","url":"https:\/\/vinspirard.be\/produit\/2020-les-bastides-bardi-dalquier-faugeres-domaine-bardi-dalquier\/","name":"2020 LES BASTIDES Bardi d'Alquier FAUGERES Domaine BARDI D'ALQUIER - Vins Pirard","isPartOf":{"@id":"https:\/\/vinspirard.be\/#website"},"primaryImageOfPage":{"@id":"https:\/\/vinspirard.be\/produit\/2020-les-bastides-bardi-dalquier-faugeres-domaine-bardi-dalquier\/#primaryimage"},"image":{"@id":"https:\/\/vinspirard.be\/produit\/2020-les-bastides-bardi-dalquier-faugeres-domaine-bardi-dalquier\/#primaryimage"},"thumbnailUrl":"https:\/\/vinspirard.be\/wp-content\/uploads\/2016\/09\/M1816-.png","datePublished":"2024-03-07T16:03:48+00:00","dateModified":"2026-04-15T00:00:58+00:00","breadcrumb":{"@id":"https:\/\/vinspirard.be\/produit\/2020-les-bastides-bardi-dalquier-faugeres-domaine-bardi-dalquier\/#breadcrumb"},"inLanguage":"nl-NL","potentialAction":[{"@type":"ReadAction","target":["https:\/\/vinspirard.be\/produit\/2020-les-bastides-bardi-dalquier-faugeres-domaine-bardi-dalquier\/"]}]},{"@type":"ImageObject","inLanguage":"nl-NL","@id":"https:\/\/vinspirard.be\/produit\/2020-les-bastides-bardi-dalquier-faugeres-domaine-bardi-dalquier\/#primaryimage","url":"https:\/\/vinspirard.be\/wp-content\/uploads\/2016\/09\/M1816-.png","contentUrl":"https:\/\/vinspirard.be\/wp-content\/uploads\/2016\/09\/M1816-.png","width":449,"height":1500},{"@type":"BreadcrumbList","@id":"https:\/\/vinspirard.be\/produit\/2020-les-bastides-bardi-dalquier-faugeres-domaine-bardi-dalquier\/#breadcrumb","itemListElement":[{"@type":"ListItem","position":1,"name":"Accueil","item":"https:\/\/vinspirard.be\/"},{"@type":"ListItem","position":2,"name":"Produits","item":"https:\/\/vinspirard.be\/produits\/"},{"@type":"ListItem","position":3,"name":"2020 LES BASTIDES Bardi d'Alquier FAUGERES Domaine BARDI D'ALQUIER"}]},{"@type":"WebSite","@id":"https:\/\/vinspirard.be\/#website","url":"https:\/\/vinspirard.be\/","name":"Vins Pirard","description":"Vins Pirard - Uw vertrouwde wijnhandelaar sinds 1945 - Wijnen afkomstig van wijnbouwers die trots zijn op hun appellatie. Kleinhandel. Gratis levering.","publisher":{"@id":"https:\/\/vinspirard.be\/#organization"},"potentialAction":[{"@type":"SearchAction","target":{"@type":"EntryPoint","urlTemplate":"https:\/\/vinspirard.be\/?s={search_term_string}"},"query-input":{"@type":"PropertyValueSpecification","valueRequired":true,"valueName":"search_term_string"}}],"inLanguage":"nl-NL"},{"@type":"Organization","@id":"https:\/\/vinspirard.be\/#organization","name":"Vins Pirard","url":"https:\/\/vinspirard.be\/","logo":{"@type":"ImageObject","inLanguage":"nl-NL","@id":"https:\/\/vinspirard.be\/#\/schema\/logo\/image\/","url":"https:\/\/vinspirard.be\/wp-content\/uploads\/2016\/08\/pirard_favicon.png","contentUrl":"https:\/\/vinspirard.be\/wp-content\/uploads\/2016\/08\/pirard_favicon.png","width":512,"height":512,"caption":"Vins Pirard"},"image":{"@id":"https:\/\/vinspirard.be\/#\/schema\/logo\/image\/"},"sameAs":["https:\/\/www.facebook.com\/espacevin.pirard","https:\/\/x.com\/vinspirard","https:\/\/www.linkedin.com\/company\/888213?trk=tyah&amp;amp;amp;trkInfo=clickedVertical:company,clickedEntityId:888213,idx:2-1-9,tarId:1474633181487,tas:pirard"],"email":"info@vinspirard.com","faxNumber":"+32 67 77 11 99","telephone":"+32 67 77 31 01","address":{"@type":"PostalAddress","streetAddress":"Rue de Glabais, 1","postalCode":"B-1470","addressLocality":"Genappe","addressCountry":"Belgium"}}]}},"_links":{"self":[{"href":"https:\/\/vinspirard.be\/nl\/wp-json\/wp\/v2\/product\/170902","targetHints":{"allow":["GET"]}}],"collection":[{"href":"https:\/\/vinspirard.be\/nl\/wp-json\/wp\/v2\/product"}],"about":[{"href":"https:\/\/vinspirard.be\/nl\/wp-json\/wp\/v2\/types\/product"}],"replies":[{"embeddable":true,"href":"https:\/\/vinspirard.be\/nl\/wp-json\/wp\/v2\/comments?post=170902"}],"wp:featuredmedia":[{"embeddable":true,"href":"https:\/\/vinspirard.be\/nl\/wp-json\/wp\/v2\/media\/169376"}],"wp:attachment":[{"href":"https:\/\/vinspirard.be\/nl\/wp-json\/wp\/v2\/media?parent=170902"}],"wp:term":[{"taxonomy":"product_brand","embeddable":true,"href":"https:\/\/vinspirard.be\/nl\/wp-json\/wp\/v2\/product_brand?post=170902"},{"taxonomy":"product_cat","embeddable":true,"href":"https:\/\/vinspirard.be\/nl\/wp-json\/wp\/v2\/product_cat?post=170902"},{"taxonomy":"product_tag","embeddable":true,"href":"https:\/\/vinspirard.be\/nl\/wp-json\/wp\/v2\/product_tag?post=170902"}],"curies":[{"name":"wp","href":"https:\/\/api.w.org\/{rel}","templated":true}]}}