{"id":359,"date":"2016-09-22T10:39:26","date_gmt":"2016-09-22T08:39:26","guid":{"rendered":"https:\/\/vinspirard.be\/produit\/12-pinot-gris-signature-rene-mure-15\/"},"modified":"2026-04-15T02:02:06","modified_gmt":"2026-04-15T00:02:06","slug":"2023-1-2-bouteille-pinot-gris-pierres-seches-bio-veronique-et-thomas-mure","status":"publish","type":"product","link":"https:\/\/vinspirard.be\/nl\/produit\/2023-1-2-bouteille-pinot-gris-pierres-seches-bio-veronique-et-thomas-mure\/","title":{"rendered":"2023 1\/2 bouteille PINOT-GRIS Pierres S\u00e8ches - bio V\u00e9ronique et Thomas MURE"},"content":{"rendered":"<p class=\"qtranxs-available-languages-message qtranxs-available-languages-message-nl\">Onze verontschuldigingen, dit bericht is alleen beschikbaar in <a href=\"https:\/\/vinspirard.be\/fr\/wp-json\/wp\/v2\/product\/359\" class=\"qtranxs-available-language-link qtranxs-available-language-link-fr\" title=\"FR\">FR<\/a>.<\/p><p>Le vin a une robe jaune p\u00e2le. Son nez est fin, floral, mi\u00e9ll\u00e9. En  bouche, la mati\u00e8re rappelle celle de la baie de raisin  souple et  charnue. On retrouve des notes de fleurs d'acacia et de poire.<\/p>","protected":false},"excerpt":{"rendered":"<p>&nbsp;<\/p>\n<p>&nbsp;<\/p>\n<p>&nbsp;<\/p>\n<div id=\"ConnectiveDocSignExtentionInstalled\" data-extension-version=\"1.0.4\">\u00a0<\/div>\n","protected":false},"featured_media":144178,"comment_status":"open","ping_status":"closed","template":"","meta":[],"product_brand":[],"product_cat":[694],"product_tag":[],"class_list":{"0":"post-359","1":"product","2":"type-product","3":"status-publish","4":"has-post-thumbnail","6":"product_cat-non-classe","7":"colors-blanc","8":"colors-blanc-sec-et-fruite-blanc","9":"regions-alsace-france","10":"regions-france","11":"pairings-poissons-7","12":"grapes-pinot-gris","13":"growers-domaine-mure-clos-saint-landelin","14":"designation-alsace-app","15":"vintages-1476","16":"formats-demi-bouteille","17":"bio-bio","19":"first","20":"instock","21":"shipping-taxable","22":"purchasable","23":"product-type-simple"},"acf":[],"yoast_head":"<!-- This site is optimized with the Yoast SEO plugin v27.4 - https:\/\/yoast.com\/product\/yoast-seo-wordpress\/ -->\n<title>2023 1\/2 bouteille PINOT-GRIS Pierres S\u00e8ches - bio V\u00e9ronique et Thomas MURE - Vins Pirard<\/title>\n<meta name=\"robots\" content=\"index, follow, max-snippet:-1, max-image-preview:large, max-video-preview:-1\" \/>\n<link rel=\"canonical\" href=\"https:\/\/vinspirard.be\/produit\/2023-1-2-bouteille-pinot-gris-pierres-seches-bio-veronique-et-thomas-mure\/\" \/>\n<meta property=\"og:locale\" content=\"nl_NL\" \/>\n<meta property=\"og:type\" content=\"article\" \/>\n<meta property=\"og:title\" content=\"2023 1\/2 bouteille PINOT-GRIS Pierres S\u00e8ches - bio V\u00e9ronique et Thomas MURE - Vins Pirard\" \/>\n<meta property=\"og:description\" content=\"&nbsp; &nbsp; &nbsp; \u00a0\" \/>\n<meta property=\"og:url\" content=\"https:\/\/vinspirard.be\/produit\/2023-1-2-bouteille-pinot-gris-pierres-seches-bio-veronique-et-thomas-mure\/\" \/>\n<meta property=\"og:site_name\" content=\"Vins Pirard\" \/>\n<meta property=\"article:publisher\" content=\"https:\/\/www.facebook.com\/espacevin.pirard\" \/>\n<meta property=\"article:modified_time\" content=\"2026-04-15T00:02:06+00:00\" \/>\n<meta property=\"og:image\" content=\"https:\/\/vinspirard.be\/wp-content\/uploads\/2016\/09\/A0670--297x1024.png\" \/>\n\t<meta property=\"og:image:width\" content=\"297\" \/>\n\t<meta property=\"og:image:height\" content=\"1024\" \/>\n\t<meta property=\"og:image:type\" content=\"image\/png\" \/>\n<meta name=\"twitter:card\" content=\"summary_large_image\" \/>\n<meta name=\"twitter:site\" content=\"@vinspirard\" \/>\n<meta name=\"twitter:label1\" content=\"Geschatte leestijd\" \/>\n\t<meta name=\"twitter:data1\" content=\"1 minuut\" \/>\n<script type=\"application\/ld+json\" class=\"yoast-schema-graph\">{\"@context\":\"https:\\\/\\\/schema.org\",\"@graph\":[{\"@type\":\"WebPage\",\"@id\":\"https:\\\/\\\/vinspirard.be\\\/produit\\\/2023-1-2-bouteille-pinot-gris-pierres-seches-bio-veronique-et-thomas-mure\\\/\",\"url\":\"https:\\\/\\\/vinspirard.be\\\/produit\\\/2023-1-2-bouteille-pinot-gris-pierres-seches-bio-veronique-et-thomas-mure\\\/\",\"name\":\"2023 1\\\/2 bouteille PINOT-GRIS Pierres S\u00e8ches - bio V\u00e9ronique et Thomas MURE - Vins Pirard\",\"isPartOf\":{\"@id\":\"https:\\\/\\\/vinspirard.be\\\/#website\"},\"primaryImageOfPage\":{\"@id\":\"https:\\\/\\\/vinspirard.be\\\/produit\\\/2023-1-2-bouteille-pinot-gris-pierres-seches-bio-veronique-et-thomas-mure\\\/#primaryimage\"},\"image\":{\"@id\":\"https:\\\/\\\/vinspirard.be\\\/produit\\\/2023-1-2-bouteille-pinot-gris-pierres-seches-bio-veronique-et-thomas-mure\\\/#primaryimage\"},\"thumbnailUrl\":\"https:\\\/\\\/vinspirard.be\\\/wp-content\\\/uploads\\\/2016\\\/09\\\/A0670-.png\",\"datePublished\":\"2016-09-22T08:39:26+00:00\",\"dateModified\":\"2026-04-15T00:02:06+00:00\",\"breadcrumb\":{\"@id\":\"https:\\\/\\\/vinspirard.be\\\/produit\\\/2023-1-2-bouteille-pinot-gris-pierres-seches-bio-veronique-et-thomas-mure\\\/#breadcrumb\"},\"inLanguage\":\"nl-NL\",\"potentialAction\":[{\"@type\":\"ReadAction\",\"target\":[\"https:\\\/\\\/vinspirard.be\\\/produit\\\/2023-1-2-bouteille-pinot-gris-pierres-seches-bio-veronique-et-thomas-mure\\\/\"]}]},{\"@type\":\"ImageObject\",\"inLanguage\":\"nl-NL\",\"@id\":\"https:\\\/\\\/vinspirard.be\\\/produit\\\/2023-1-2-bouteille-pinot-gris-pierres-seches-bio-veronique-et-thomas-mure\\\/#primaryimage\",\"url\":\"https:\\\/\\\/vinspirard.be\\\/wp-content\\\/uploads\\\/2016\\\/09\\\/A0670-.png\",\"contentUrl\":\"https:\\\/\\\/vinspirard.be\\\/wp-content\\\/uploads\\\/2016\\\/09\\\/A0670-.png\",\"width\":1646,\"height\":5668},{\"@type\":\"BreadcrumbList\",\"@id\":\"https:\\\/\\\/vinspirard.be\\\/produit\\\/2023-1-2-bouteille-pinot-gris-pierres-seches-bio-veronique-et-thomas-mure\\\/#breadcrumb\",\"itemListElement\":[{\"@type\":\"ListItem\",\"position\":1,\"name\":\"Accueil\",\"item\":\"https:\\\/\\\/vinspirard.be\\\/\"},{\"@type\":\"ListItem\",\"position\":2,\"name\":\"Produits\",\"item\":\"https:\\\/\\\/vinspirard.be\\\/produits\\\/\"},{\"@type\":\"ListItem\",\"position\":3,\"name\":\"2023 1\\\/2 bouteille PINOT-GRIS Pierres S\u00e8ches - bio V\u00e9ronique et Thomas MURE\"}]},{\"@type\":\"WebSite\",\"@id\":\"https:\\\/\\\/vinspirard.be\\\/#website\",\"url\":\"https:\\\/\\\/vinspirard.be\\\/\",\"name\":\"Vins Pirard\",\"description\":\"Vins Pirard - Uw vertrouwde wijnhandelaar sinds 1945 - Wijnen afkomstig van wijnbouwers die trots zijn op hun appellatie. Kleinhandel. Gratis levering.\",\"publisher\":{\"@id\":\"https:\\\/\\\/vinspirard.be\\\/#organization\"},\"potentialAction\":[{\"@type\":\"SearchAction\",\"target\":{\"@type\":\"EntryPoint\",\"urlTemplate\":\"https:\\\/\\\/vinspirard.be\\\/?s={search_term_string}\"},\"query-input\":{\"@type\":\"PropertyValueSpecification\",\"valueRequired\":true,\"valueName\":\"search_term_string\"}}],\"inLanguage\":\"nl-NL\"},{\"@type\":\"Organization\",\"@id\":\"https:\\\/\\\/vinspirard.be\\\/#organization\",\"name\":\"Vins Pirard\",\"url\":\"https:\\\/\\\/vinspirard.be\\\/\",\"logo\":{\"@type\":\"ImageObject\",\"inLanguage\":\"nl-NL\",\"@id\":\"https:\\\/\\\/vinspirard.be\\\/#\\\/schema\\\/logo\\\/image\\\/\",\"url\":\"https:\\\/\\\/vinspirard.be\\\/wp-content\\\/uploads\\\/2016\\\/08\\\/pirard_favicon.png\",\"contentUrl\":\"https:\\\/\\\/vinspirard.be\\\/wp-content\\\/uploads\\\/2016\\\/08\\\/pirard_favicon.png\",\"width\":512,\"height\":512,\"caption\":\"Vins Pirard\"},\"image\":{\"@id\":\"https:\\\/\\\/vinspirard.be\\\/#\\\/schema\\\/logo\\\/image\\\/\"},\"sameAs\":[\"https:\\\/\\\/www.facebook.com\\\/espacevin.pirard\",\"https:\\\/\\\/x.com\\\/vinspirard\",\"https:\\\/\\\/www.linkedin.com\\\/company\\\/888213?trk=tyah&amp;amp;amp;trkInfo=clickedVertical:company,clickedEntityId:888213,idx:2-1-9,tarId:1474633181487,tas:pirard\"],\"email\":\"info@vinspirard.com\",\"faxNumber\":\"+32 67 77 11 99\",\"telephone\":\"+32 67 77 31 01\",\"address\":{\"@type\":\"PostalAddress\",\"streetAddress\":\"Rue de Glabais, 1\",\"postalCode\":\"B-1470\",\"addressLocality\":\"Genappe\",\"addressCountry\":\"Belgium\"}}]}<\/script>\n<!-- \/ Yoast SEO plugin. -->","yoast_head_json":{"title":"2023 1\/2 bouteille PINOT-GRIS Pierres S\u00e8ches - bio V\u00e9ronique et Thomas MURE - Vins Pirard","robots":{"index":"index","follow":"follow","max-snippet":"max-snippet:-1","max-image-preview":"max-image-preview:large","max-video-preview":"max-video-preview:-1"},"canonical":"https:\/\/vinspirard.be\/produit\/2023-1-2-bouteille-pinot-gris-pierres-seches-bio-veronique-et-thomas-mure\/","og_locale":"nl_NL","og_type":"article","og_title":"2023 1\/2 bouteille PINOT-GRIS Pierres S\u00e8ches - bio V\u00e9ronique et Thomas MURE - Vins Pirard","og_description":"&nbsp; &nbsp; &nbsp; \u00a0","og_url":"https:\/\/vinspirard.be\/produit\/2023-1-2-bouteille-pinot-gris-pierres-seches-bio-veronique-et-thomas-mure\/","og_site_name":"Vins Pirard","article_publisher":"https:\/\/www.facebook.com\/espacevin.pirard","article_modified_time":"2026-04-15T00:02:06+00:00","og_image":[{"width":297,"height":1024,"url":"https:\/\/vinspirard.be\/wp-content\/uploads\/2016\/09\/A0670--297x1024.png","type":"image\/png"}],"twitter_card":"summary_large_image","twitter_site":"@vinspirard","twitter_misc":{"Geschatte leestijd":"1 minuut"},"schema":{"@context":"https:\/\/schema.org","@graph":[{"@type":"WebPage","@id":"https:\/\/vinspirard.be\/produit\/2023-1-2-bouteille-pinot-gris-pierres-seches-bio-veronique-et-thomas-mure\/","url":"https:\/\/vinspirard.be\/produit\/2023-1-2-bouteille-pinot-gris-pierres-seches-bio-veronique-et-thomas-mure\/","name":"2023 1\/2 bouteille PINOT-GRIS Pierres S\u00e8ches - bio V\u00e9ronique et Thomas MURE - Vins Pirard","isPartOf":{"@id":"https:\/\/vinspirard.be\/#website"},"primaryImageOfPage":{"@id":"https:\/\/vinspirard.be\/produit\/2023-1-2-bouteille-pinot-gris-pierres-seches-bio-veronique-et-thomas-mure\/#primaryimage"},"image":{"@id":"https:\/\/vinspirard.be\/produit\/2023-1-2-bouteille-pinot-gris-pierres-seches-bio-veronique-et-thomas-mure\/#primaryimage"},"thumbnailUrl":"https:\/\/vinspirard.be\/wp-content\/uploads\/2016\/09\/A0670-.png","datePublished":"2016-09-22T08:39:26+00:00","dateModified":"2026-04-15T00:02:06+00:00","breadcrumb":{"@id":"https:\/\/vinspirard.be\/produit\/2023-1-2-bouteille-pinot-gris-pierres-seches-bio-veronique-et-thomas-mure\/#breadcrumb"},"inLanguage":"nl-NL","potentialAction":[{"@type":"ReadAction","target":["https:\/\/vinspirard.be\/produit\/2023-1-2-bouteille-pinot-gris-pierres-seches-bio-veronique-et-thomas-mure\/"]}]},{"@type":"ImageObject","inLanguage":"nl-NL","@id":"https:\/\/vinspirard.be\/produit\/2023-1-2-bouteille-pinot-gris-pierres-seches-bio-veronique-et-thomas-mure\/#primaryimage","url":"https:\/\/vinspirard.be\/wp-content\/uploads\/2016\/09\/A0670-.png","contentUrl":"https:\/\/vinspirard.be\/wp-content\/uploads\/2016\/09\/A0670-.png","width":1646,"height":5668},{"@type":"BreadcrumbList","@id":"https:\/\/vinspirard.be\/produit\/2023-1-2-bouteille-pinot-gris-pierres-seches-bio-veronique-et-thomas-mure\/#breadcrumb","itemListElement":[{"@type":"ListItem","position":1,"name":"Accueil","item":"https:\/\/vinspirard.be\/"},{"@type":"ListItem","position":2,"name":"Produits","item":"https:\/\/vinspirard.be\/produits\/"},{"@type":"ListItem","position":3,"name":"2023 1\/2 bouteille PINOT-GRIS Pierres S\u00e8ches - bio V\u00e9ronique et Thomas MURE"}]},{"@type":"WebSite","@id":"https:\/\/vinspirard.be\/#website","url":"https:\/\/vinspirard.be\/","name":"Vins Pirard","description":"Vins Pirard - Uw vertrouwde wijnhandelaar sinds 1945 - Wijnen afkomstig van wijnbouwers die trots zijn op hun appellatie. Kleinhandel. Gratis levering.","publisher":{"@id":"https:\/\/vinspirard.be\/#organization"},"potentialAction":[{"@type":"SearchAction","target":{"@type":"EntryPoint","urlTemplate":"https:\/\/vinspirard.be\/?s={search_term_string}"},"query-input":{"@type":"PropertyValueSpecification","valueRequired":true,"valueName":"search_term_string"}}],"inLanguage":"nl-NL"},{"@type":"Organization","@id":"https:\/\/vinspirard.be\/#organization","name":"Vins Pirard","url":"https:\/\/vinspirard.be\/","logo":{"@type":"ImageObject","inLanguage":"nl-NL","@id":"https:\/\/vinspirard.be\/#\/schema\/logo\/image\/","url":"https:\/\/vinspirard.be\/wp-content\/uploads\/2016\/08\/pirard_favicon.png","contentUrl":"https:\/\/vinspirard.be\/wp-content\/uploads\/2016\/08\/pirard_favicon.png","width":512,"height":512,"caption":"Vins Pirard"},"image":{"@id":"https:\/\/vinspirard.be\/#\/schema\/logo\/image\/"},"sameAs":["https:\/\/www.facebook.com\/espacevin.pirard","https:\/\/x.com\/vinspirard","https:\/\/www.linkedin.com\/company\/888213?trk=tyah&amp;amp;amp;trkInfo=clickedVertical:company,clickedEntityId:888213,idx:2-1-9,tarId:1474633181487,tas:pirard"],"email":"info@vinspirard.com","faxNumber":"+32 67 77 11 99","telephone":"+32 67 77 31 01","address":{"@type":"PostalAddress","streetAddress":"Rue de Glabais, 1","postalCode":"B-1470","addressLocality":"Genappe","addressCountry":"Belgium"}}]}},"_links":{"self":[{"href":"https:\/\/vinspirard.be\/nl\/wp-json\/wp\/v2\/product\/359","targetHints":{"allow":["GET"]}}],"collection":[{"href":"https:\/\/vinspirard.be\/nl\/wp-json\/wp\/v2\/product"}],"about":[{"href":"https:\/\/vinspirard.be\/nl\/wp-json\/wp\/v2\/types\/product"}],"replies":[{"embeddable":true,"href":"https:\/\/vinspirard.be\/nl\/wp-json\/wp\/v2\/comments?post=359"}],"wp:featuredmedia":[{"embeddable":true,"href":"https:\/\/vinspirard.be\/nl\/wp-json\/wp\/v2\/media\/144178"}],"wp:attachment":[{"href":"https:\/\/vinspirard.be\/nl\/wp-json\/wp\/v2\/media?parent=359"}],"wp:term":[{"taxonomy":"product_brand","embeddable":true,"href":"https:\/\/vinspirard.be\/nl\/wp-json\/wp\/v2\/product_brand?post=359"},{"taxonomy":"product_cat","embeddable":true,"href":"https:\/\/vinspirard.be\/nl\/wp-json\/wp\/v2\/product_cat?post=359"},{"taxonomy":"product_tag","embeddable":true,"href":"https:\/\/vinspirard.be\/nl\/wp-json\/wp\/v2\/product_tag?post=359"}],"curies":[{"name":"wp","href":"https:\/\/api.w.org\/{rel}","templated":true}]}}