{"id":544,"date":"2016-09-22T10:39:38","date_gmt":"2016-09-22T08:39:38","guid":{"rendered":"https:\/\/vinspirard.be\/produit\/nebbiolo-ochetti-renato-ratti-13\/"},"modified":"2026-04-15T02:01:50","modified_gmt":"2026-04-15T00:01:50","slug":"2024-langhe-doc-nebbiolo-dalba-ochetti-domaine-ratti-la-morra-piemont","status":"publish","type":"product","link":"https:\/\/vinspirard.be\/nl\/produit\/2024-langhe-doc-nebbiolo-dalba-ochetti-domaine-ratti-la-morra-piemont\/","title":{"rendered":"2024 Langhe DOC NEBBIOLO d'ALBA Ochetti Domaine RATTI - La Morra - Pi\u00e9mont"},"content":{"rendered":"<p class=\"qtranxs-available-languages-message qtranxs-available-languages-message-nl\">Onze verontschuldigingen, dit bericht is alleen beschikbaar in <a href=\"https:\/\/vinspirard.be\/fr\/wp-json\/wp\/v2\/product\/544\" class=\"qtranxs-available-language-link qtranxs-available-language-link-fr\" title=\"FR\">FR<\/a>.<\/p><p>Le c\u00e9page NEBBIOLO (qui produit aussi les fameux BAROLO), n'est pas celui qui s\u00e9duit par  sa robe  celle-ci est toujours assez l\u00e9g\u00e8re mais cache n\u00e9anmoins une finesse et une  ampleur de bouche \u00e9tonnante. La palette d'\u00e9pices fines est tr\u00e8s \u00e9l\u00e9gante et bien  construite, la bouche est sans doute comparable \u00e0 l'ampleur des plus beaux pinots noirs  bourguignons... Un vin d'amateur qui se construit au fil de son \u00e9volution en bouche.<\/p>","protected":false},"excerpt":{"rendered":"<p>&nbsp;<\/p>\n<div id=\"ConnectiveDocSignExtentionInstalled\" data-extension-version=\"1.0.4\">\u00a0<\/div>\n","protected":false},"featured_media":82977,"comment_status":"open","ping_status":"closed","template":"","meta":[],"product_brand":[],"product_cat":[694],"product_tag":[],"class_list":{"0":"post-544","1":"product","2":"type-product","3":"status-publish","4":"has-post-thumbnail","6":"product_cat-non-classe","7":"colors-rouge","8":"colors-rouge-ample-et-genereux","9":"regions-italie-4","10":"regions-piemont-italie-4","11":"pairings-grillades","12":"pairings-lapin","13":"pairings-veau-7","14":"pairings-volaille","15":"grapes-nebbiolo","16":"growers-domaine-renato-ratti-pietro-ratti","17":"designation-langhe","18":"vintages-1500","19":"formats-classic","21":"first","22":"instock","23":"shipping-taxable","24":"purchasable","25":"product-type-simple"},"acf":[],"yoast_head":"<!-- This site is optimized with the Yoast SEO plugin v27.4 - https:\/\/yoast.com\/product\/yoast-seo-wordpress\/ -->\n<title>2024 Langhe DOC NEBBIOLO d&#039;ALBA Ochetti Domaine RATTI - La Morra - Pi\u00e9mont - Vins Pirard<\/title>\n<meta name=\"robots\" content=\"index, follow, max-snippet:-1, max-image-preview:large, max-video-preview:-1\" \/>\n<link rel=\"canonical\" href=\"https:\/\/vinspirard.be\/produit\/2024-langhe-doc-nebbiolo-dalba-ochetti-domaine-ratti-la-morra-piemont\/\" \/>\n<meta property=\"og:locale\" content=\"nl_NL\" \/>\n<meta property=\"og:type\" content=\"article\" \/>\n<meta property=\"og:title\" content=\"2024 Langhe DOC NEBBIOLO d&#039;ALBA Ochetti Domaine RATTI - La Morra - Pi\u00e9mont - Vins Pirard\" \/>\n<meta property=\"og:description\" content=\"&nbsp; \u00a0\" \/>\n<meta property=\"og:url\" content=\"https:\/\/vinspirard.be\/produit\/2024-langhe-doc-nebbiolo-dalba-ochetti-domaine-ratti-la-morra-piemont\/\" \/>\n<meta property=\"og:site_name\" content=\"Vins Pirard\" \/>\n<meta property=\"article:publisher\" content=\"https:\/\/www.facebook.com\/espacevin.pirard\" \/>\n<meta property=\"article:modified_time\" content=\"2026-04-15T00:01:50+00:00\" \/>\n<meta property=\"og:image\" content=\"https:\/\/vinspirard.be\/wp-content\/uploads\/2016\/09\/I1201-18.png\" \/>\n\t<meta property=\"og:image:width\" content=\"429\" \/>\n\t<meta property=\"og:image:height\" content=\"1500\" \/>\n\t<meta property=\"og:image:type\" content=\"image\/png\" \/>\n<meta name=\"twitter:card\" content=\"summary_large_image\" \/>\n<meta name=\"twitter:site\" content=\"@vinspirard\" \/>\n<meta name=\"twitter:label1\" content=\"Geschatte leestijd\" \/>\n\t<meta name=\"twitter:data1\" content=\"1 minuut\" \/>\n<script type=\"application\/ld+json\" class=\"yoast-schema-graph\">{\"@context\":\"https:\\\/\\\/schema.org\",\"@graph\":[{\"@type\":\"WebPage\",\"@id\":\"https:\\\/\\\/vinspirard.be\\\/produit\\\/2024-langhe-doc-nebbiolo-dalba-ochetti-domaine-ratti-la-morra-piemont\\\/\",\"url\":\"https:\\\/\\\/vinspirard.be\\\/produit\\\/2024-langhe-doc-nebbiolo-dalba-ochetti-domaine-ratti-la-morra-piemont\\\/\",\"name\":\"2024 Langhe DOC NEBBIOLO d'ALBA Ochetti Domaine RATTI - La Morra - Pi\u00e9mont - Vins Pirard\",\"isPartOf\":{\"@id\":\"https:\\\/\\\/vinspirard.be\\\/#website\"},\"primaryImageOfPage\":{\"@id\":\"https:\\\/\\\/vinspirard.be\\\/produit\\\/2024-langhe-doc-nebbiolo-dalba-ochetti-domaine-ratti-la-morra-piemont\\\/#primaryimage\"},\"image\":{\"@id\":\"https:\\\/\\\/vinspirard.be\\\/produit\\\/2024-langhe-doc-nebbiolo-dalba-ochetti-domaine-ratti-la-morra-piemont\\\/#primaryimage\"},\"thumbnailUrl\":\"https:\\\/\\\/vinspirard.be\\\/wp-content\\\/uploads\\\/2016\\\/09\\\/I1201-18.png\",\"datePublished\":\"2016-09-22T08:39:38+00:00\",\"dateModified\":\"2026-04-15T00:01:50+00:00\",\"breadcrumb\":{\"@id\":\"https:\\\/\\\/vinspirard.be\\\/produit\\\/2024-langhe-doc-nebbiolo-dalba-ochetti-domaine-ratti-la-morra-piemont\\\/#breadcrumb\"},\"inLanguage\":\"nl-NL\",\"potentialAction\":[{\"@type\":\"ReadAction\",\"target\":[\"https:\\\/\\\/vinspirard.be\\\/produit\\\/2024-langhe-doc-nebbiolo-dalba-ochetti-domaine-ratti-la-morra-piemont\\\/\"]}]},{\"@type\":\"ImageObject\",\"inLanguage\":\"nl-NL\",\"@id\":\"https:\\\/\\\/vinspirard.be\\\/produit\\\/2024-langhe-doc-nebbiolo-dalba-ochetti-domaine-ratti-la-morra-piemont\\\/#primaryimage\",\"url\":\"https:\\\/\\\/vinspirard.be\\\/wp-content\\\/uploads\\\/2016\\\/09\\\/I1201-18.png\",\"contentUrl\":\"https:\\\/\\\/vinspirard.be\\\/wp-content\\\/uploads\\\/2016\\\/09\\\/I1201-18.png\",\"width\":429,\"height\":1500},{\"@type\":\"BreadcrumbList\",\"@id\":\"https:\\\/\\\/vinspirard.be\\\/produit\\\/2024-langhe-doc-nebbiolo-dalba-ochetti-domaine-ratti-la-morra-piemont\\\/#breadcrumb\",\"itemListElement\":[{\"@type\":\"ListItem\",\"position\":1,\"name\":\"Accueil\",\"item\":\"https:\\\/\\\/vinspirard.be\\\/\"},{\"@type\":\"ListItem\",\"position\":2,\"name\":\"Produits\",\"item\":\"https:\\\/\\\/vinspirard.be\\\/produits\\\/\"},{\"@type\":\"ListItem\",\"position\":3,\"name\":\"2024 Langhe DOC NEBBIOLO d'ALBA Ochetti Domaine RATTI - La Morra - Pi\u00e9mont\"}]},{\"@type\":\"WebSite\",\"@id\":\"https:\\\/\\\/vinspirard.be\\\/#website\",\"url\":\"https:\\\/\\\/vinspirard.be\\\/\",\"name\":\"Vins Pirard\",\"description\":\"Vins Pirard - Uw vertrouwde wijnhandelaar sinds 1945 - Wijnen afkomstig van wijnbouwers die trots zijn op hun appellatie. Kleinhandel. Gratis levering.\",\"publisher\":{\"@id\":\"https:\\\/\\\/vinspirard.be\\\/#organization\"},\"potentialAction\":[{\"@type\":\"SearchAction\",\"target\":{\"@type\":\"EntryPoint\",\"urlTemplate\":\"https:\\\/\\\/vinspirard.be\\\/?s={search_term_string}\"},\"query-input\":{\"@type\":\"PropertyValueSpecification\",\"valueRequired\":true,\"valueName\":\"search_term_string\"}}],\"inLanguage\":\"nl-NL\"},{\"@type\":\"Organization\",\"@id\":\"https:\\\/\\\/vinspirard.be\\\/#organization\",\"name\":\"Vins Pirard\",\"url\":\"https:\\\/\\\/vinspirard.be\\\/\",\"logo\":{\"@type\":\"ImageObject\",\"inLanguage\":\"nl-NL\",\"@id\":\"https:\\\/\\\/vinspirard.be\\\/#\\\/schema\\\/logo\\\/image\\\/\",\"url\":\"https:\\\/\\\/vinspirard.be\\\/wp-content\\\/uploads\\\/2016\\\/08\\\/pirard_favicon.png\",\"contentUrl\":\"https:\\\/\\\/vinspirard.be\\\/wp-content\\\/uploads\\\/2016\\\/08\\\/pirard_favicon.png\",\"width\":512,\"height\":512,\"caption\":\"Vins Pirard\"},\"image\":{\"@id\":\"https:\\\/\\\/vinspirard.be\\\/#\\\/schema\\\/logo\\\/image\\\/\"},\"sameAs\":[\"https:\\\/\\\/www.facebook.com\\\/espacevin.pirard\",\"https:\\\/\\\/x.com\\\/vinspirard\",\"https:\\\/\\\/www.linkedin.com\\\/company\\\/888213?trk=tyah&amp;amp;amp;trkInfo=clickedVertical:company,clickedEntityId:888213,idx:2-1-9,tarId:1474633181487,tas:pirard\"],\"email\":\"info@vinspirard.com\",\"faxNumber\":\"+32 67 77 11 99\",\"telephone\":\"+32 67 77 31 01\",\"address\":{\"@type\":\"PostalAddress\",\"streetAddress\":\"Rue de Glabais, 1\",\"postalCode\":\"B-1470\",\"addressLocality\":\"Genappe\",\"addressCountry\":\"Belgium\"}}]}<\/script>\n<!-- \/ Yoast SEO plugin. -->","yoast_head_json":{"title":"2024 Langhe DOC NEBBIOLO d'ALBA Ochetti Domaine RATTI - La Morra - Pi\u00e9mont - Vins Pirard","robots":{"index":"index","follow":"follow","max-snippet":"max-snippet:-1","max-image-preview":"max-image-preview:large","max-video-preview":"max-video-preview:-1"},"canonical":"https:\/\/vinspirard.be\/produit\/2024-langhe-doc-nebbiolo-dalba-ochetti-domaine-ratti-la-morra-piemont\/","og_locale":"nl_NL","og_type":"article","og_title":"2024 Langhe DOC NEBBIOLO d'ALBA Ochetti Domaine RATTI - La Morra - Pi\u00e9mont - Vins Pirard","og_description":"&nbsp; \u00a0","og_url":"https:\/\/vinspirard.be\/produit\/2024-langhe-doc-nebbiolo-dalba-ochetti-domaine-ratti-la-morra-piemont\/","og_site_name":"Vins Pirard","article_publisher":"https:\/\/www.facebook.com\/espacevin.pirard","article_modified_time":"2026-04-15T00:01:50+00:00","og_image":[{"width":429,"height":1500,"url":"https:\/\/vinspirard.be\/wp-content\/uploads\/2016\/09\/I1201-18.png","type":"image\/png"}],"twitter_card":"summary_large_image","twitter_site":"@vinspirard","twitter_misc":{"Geschatte leestijd":"1 minuut"},"schema":{"@context":"https:\/\/schema.org","@graph":[{"@type":"WebPage","@id":"https:\/\/vinspirard.be\/produit\/2024-langhe-doc-nebbiolo-dalba-ochetti-domaine-ratti-la-morra-piemont\/","url":"https:\/\/vinspirard.be\/produit\/2024-langhe-doc-nebbiolo-dalba-ochetti-domaine-ratti-la-morra-piemont\/","name":"2024 Langhe DOC NEBBIOLO d'ALBA Ochetti Domaine RATTI - La Morra - Pi\u00e9mont - Vins Pirard","isPartOf":{"@id":"https:\/\/vinspirard.be\/#website"},"primaryImageOfPage":{"@id":"https:\/\/vinspirard.be\/produit\/2024-langhe-doc-nebbiolo-dalba-ochetti-domaine-ratti-la-morra-piemont\/#primaryimage"},"image":{"@id":"https:\/\/vinspirard.be\/produit\/2024-langhe-doc-nebbiolo-dalba-ochetti-domaine-ratti-la-morra-piemont\/#primaryimage"},"thumbnailUrl":"https:\/\/vinspirard.be\/wp-content\/uploads\/2016\/09\/I1201-18.png","datePublished":"2016-09-22T08:39:38+00:00","dateModified":"2026-04-15T00:01:50+00:00","breadcrumb":{"@id":"https:\/\/vinspirard.be\/produit\/2024-langhe-doc-nebbiolo-dalba-ochetti-domaine-ratti-la-morra-piemont\/#breadcrumb"},"inLanguage":"nl-NL","potentialAction":[{"@type":"ReadAction","target":["https:\/\/vinspirard.be\/produit\/2024-langhe-doc-nebbiolo-dalba-ochetti-domaine-ratti-la-morra-piemont\/"]}]},{"@type":"ImageObject","inLanguage":"nl-NL","@id":"https:\/\/vinspirard.be\/produit\/2024-langhe-doc-nebbiolo-dalba-ochetti-domaine-ratti-la-morra-piemont\/#primaryimage","url":"https:\/\/vinspirard.be\/wp-content\/uploads\/2016\/09\/I1201-18.png","contentUrl":"https:\/\/vinspirard.be\/wp-content\/uploads\/2016\/09\/I1201-18.png","width":429,"height":1500},{"@type":"BreadcrumbList","@id":"https:\/\/vinspirard.be\/produit\/2024-langhe-doc-nebbiolo-dalba-ochetti-domaine-ratti-la-morra-piemont\/#breadcrumb","itemListElement":[{"@type":"ListItem","position":1,"name":"Accueil","item":"https:\/\/vinspirard.be\/"},{"@type":"ListItem","position":2,"name":"Produits","item":"https:\/\/vinspirard.be\/produits\/"},{"@type":"ListItem","position":3,"name":"2024 Langhe DOC NEBBIOLO d'ALBA Ochetti Domaine RATTI - La Morra - Pi\u00e9mont"}]},{"@type":"WebSite","@id":"https:\/\/vinspirard.be\/#website","url":"https:\/\/vinspirard.be\/","name":"Vins Pirard","description":"Vins Pirard - Uw vertrouwde wijnhandelaar sinds 1945 - Wijnen afkomstig van wijnbouwers die trots zijn op hun appellatie. Kleinhandel. Gratis levering.","publisher":{"@id":"https:\/\/vinspirard.be\/#organization"},"potentialAction":[{"@type":"SearchAction","target":{"@type":"EntryPoint","urlTemplate":"https:\/\/vinspirard.be\/?s={search_term_string}"},"query-input":{"@type":"PropertyValueSpecification","valueRequired":true,"valueName":"search_term_string"}}],"inLanguage":"nl-NL"},{"@type":"Organization","@id":"https:\/\/vinspirard.be\/#organization","name":"Vins Pirard","url":"https:\/\/vinspirard.be\/","logo":{"@type":"ImageObject","inLanguage":"nl-NL","@id":"https:\/\/vinspirard.be\/#\/schema\/logo\/image\/","url":"https:\/\/vinspirard.be\/wp-content\/uploads\/2016\/08\/pirard_favicon.png","contentUrl":"https:\/\/vinspirard.be\/wp-content\/uploads\/2016\/08\/pirard_favicon.png","width":512,"height":512,"caption":"Vins Pirard"},"image":{"@id":"https:\/\/vinspirard.be\/#\/schema\/logo\/image\/"},"sameAs":["https:\/\/www.facebook.com\/espacevin.pirard","https:\/\/x.com\/vinspirard","https:\/\/www.linkedin.com\/company\/888213?trk=tyah&amp;amp;amp;trkInfo=clickedVertical:company,clickedEntityId:888213,idx:2-1-9,tarId:1474633181487,tas:pirard"],"email":"info@vinspirard.com","faxNumber":"+32 67 77 11 99","telephone":"+32 67 77 31 01","address":{"@type":"PostalAddress","streetAddress":"Rue de Glabais, 1","postalCode":"B-1470","addressLocality":"Genappe","addressCountry":"Belgium"}}]}},"_links":{"self":[{"href":"https:\/\/vinspirard.be\/nl\/wp-json\/wp\/v2\/product\/544","targetHints":{"allow":["GET"]}}],"collection":[{"href":"https:\/\/vinspirard.be\/nl\/wp-json\/wp\/v2\/product"}],"about":[{"href":"https:\/\/vinspirard.be\/nl\/wp-json\/wp\/v2\/types\/product"}],"replies":[{"embeddable":true,"href":"https:\/\/vinspirard.be\/nl\/wp-json\/wp\/v2\/comments?post=544"}],"wp:featuredmedia":[{"embeddable":true,"href":"https:\/\/vinspirard.be\/nl\/wp-json\/wp\/v2\/media\/82977"}],"wp:attachment":[{"href":"https:\/\/vinspirard.be\/nl\/wp-json\/wp\/v2\/media?parent=544"}],"wp:term":[{"taxonomy":"product_brand","embeddable":true,"href":"https:\/\/vinspirard.be\/nl\/wp-json\/wp\/v2\/product_brand?post=544"},{"taxonomy":"product_cat","embeddable":true,"href":"https:\/\/vinspirard.be\/nl\/wp-json\/wp\/v2\/product_cat?post=544"},{"taxonomy":"product_tag","embeddable":true,"href":"https:\/\/vinspirard.be\/nl\/wp-json\/wp\/v2\/product_tag?post=544"}],"curies":[{"name":"wp","href":"https:\/\/api.w.org\/{rel}","templated":true}]}}