{"id":554,"date":"2016-09-22T10:39:39","date_gmt":"2016-09-22T08:39:39","guid":{"rendered":"https:\/\/vinspirard.be\/produit\/sausto-valpolicella-classico-superiore-ripasso-12\/"},"modified":"2026-04-14T02:01:52","modified_gmt":"2026-04-14T00:01:52","slug":"2021-sausto-valpolicella-classico-superior-ripasso-domaine-monte-dallora-venetie-bio","status":"publish","type":"product","link":"https:\/\/vinspirard.be\/nl\/produit\/2021-sausto-valpolicella-classico-superior-ripasso-domaine-monte-dallora-venetie-bio\/","title":{"rendered":"2021 SAUSTO Valpolicella Classico Superior RIPASSO Domaine MONTE DALL'ORA V\u00e9n\u00e9tie - bio"},"content":{"rendered":"<p>Deze cuv\u00e9e wordt volledig bereid volgens de techniek van de ripasso op gedroogde wijndraf. Deze SAUSTO cuv\u00e9e vertoont een zeer elegant karakter, met een levendige aanzet die evolueert naar meer fruitige accenten en een soepelere toets in de finale.<\/p>\n<p>Het domein Monte Dall'Ora kan bogen op een rijk verleden en een uitzonderlijk erfgoed waar zijn eigenaar sinds jaar en dag over waakt: de renovatie van de oude muurtjes van droge steen, die \"marogna\" worden genoemd en die de terrassen van de wijngaard helpen ondersteunen, was een hele klus en de wijngaard is aangeplant met traditionele druivensoorten van de streek op een terroir, rijk aan humus en micro-organismen, essentieel voor de wijnbouw. Deze cuv\u00e9e van topklasse draagt het label \"Classico Superiore\". Zij heeft een erg mooie, intense kleur en een vrij krachtige neus met toetsen van rood fruit (kersen\u00e0) en een vrij uitgesproken kruidigheid. De mond is complex maar niet te uitbundig en blijft in de klassieke stijl met veel lengte. Erg geslaagd!<\/p>","protected":false},"excerpt":{"rendered":"<p>Deze cuv\u00e9e wordt volledig bereid volgens de techniek van de ripasso op gedroogde wijndraf. Deze SAUSTO cuv\u00e9e vertoont een zeer elegant karakter, met een levendige aanzet die evolueert naar meer fruitige accenten en een soepelere toets in de finale. Het domein Monte Dall'Ora kan bogen op een rijk verleden en een uitzonderlijk erfgoed waar zijn [&hellip;]<\/p>\n","protected":false},"featured_media":84922,"comment_status":"open","ping_status":"closed","template":"","meta":[],"product_brand":[],"product_cat":[694],"product_tag":[],"class_list":{"0":"post-554","1":"product","2":"type-product","3":"status-publish","4":"has-post-thumbnail","6":"product_cat-non-classe","7":"colors-rouge","8":"colors-rouge-ample-et-genereux","9":"regions-italie-4","10":"regions-venetie-italie-4","11":"pairings-boeuf","12":"pairings-canard-2","13":"pairings-fromages-affines","14":"pairings-plaisir-de-la-degustation","15":"grapes-corvina","16":"grapes-corvinone","17":"grapes-rondinella","18":"growers-monte-dallora","19":"designation-valpolicella-classico-superior","20":"vintages-1372","21":"formats-classic","22":"bio-bio","24":"first","25":"instock","26":"shipping-taxable","27":"purchasable","28":"product-type-simple"},"acf":[],"yoast_head":"<!-- This site is optimized with the Yoast SEO plugin v27.4 - https:\/\/yoast.com\/product\/yoast-seo-wordpress\/ -->\n<title>2021 SAUSTO Valpolicella Classico Superior RIPASSO Domaine MONTE DALL&#039;ORA V\u00e9n\u00e9tie - bio - Vins Pirard<\/title>\n<meta name=\"robots\" content=\"index, follow, max-snippet:-1, max-image-preview:large, max-video-preview:-1\" \/>\n<link rel=\"canonical\" href=\"https:\/\/vinspirard.be\/produit\/2021-sausto-valpolicella-classico-superior-ripasso-domaine-monte-dallora-venetie-bio\/\" \/>\n<meta property=\"og:locale\" content=\"nl_NL\" \/>\n<meta property=\"og:type\" content=\"article\" \/>\n<meta property=\"og:title\" content=\"2021 SAUSTO Valpolicella Classico Superior RIPASSO Domaine MONTE DALL&#039;ORA V\u00e9n\u00e9tie - bio - Vins Pirard\" \/>\n<meta property=\"og:description\" content=\"Deze cuv\u00e9e wordt volledig bereid volgens de techniek van de ripasso op gedroogde wijndraf. Deze SAUSTO cuv\u00e9e vertoont een zeer elegant karakter, met een levendige aanzet die evolueert naar meer fruitige accenten en een soepelere toets in de finale. Het domein Monte Dall&#039;Ora kan bogen op een rijk verleden en een uitzonderlijk erfgoed waar zijn [&hellip;]\" \/>\n<meta property=\"og:url\" content=\"https:\/\/vinspirard.be\/produit\/2021-sausto-valpolicella-classico-superior-ripasso-domaine-monte-dallora-venetie-bio\/\" \/>\n<meta property=\"og:site_name\" content=\"Vins Pirard\" \/>\n<meta property=\"article:publisher\" content=\"https:\/\/www.facebook.com\/espacevin.pirard\" \/>\n<meta property=\"article:modified_time\" content=\"2026-04-14T00:01:52+00:00\" \/>\n<meta property=\"og:image\" content=\"https:\/\/vinspirard.be\/wp-content\/uploads\/2020\/11\/I1505-17.png\" \/>\n\t<meta property=\"og:image:width\" content=\"412\" \/>\n\t<meta property=\"og:image:height\" content=\"1500\" \/>\n\t<meta property=\"og:image:type\" content=\"image\/png\" \/>\n<meta name=\"twitter:card\" content=\"summary_large_image\" \/>\n<meta name=\"twitter:site\" content=\"@vinspirard\" \/>\n<meta name=\"twitter:label1\" content=\"Geschatte leestijd\" \/>\n\t<meta name=\"twitter:data1\" content=\"1 minuut\" \/>\n<script type=\"application\/ld+json\" class=\"yoast-schema-graph\">{\"@context\":\"https:\\\/\\\/schema.org\",\"@graph\":[{\"@type\":\"WebPage\",\"@id\":\"https:\\\/\\\/vinspirard.be\\\/produit\\\/2021-sausto-valpolicella-classico-superior-ripasso-domaine-monte-dallora-venetie-bio\\\/\",\"url\":\"https:\\\/\\\/vinspirard.be\\\/produit\\\/2021-sausto-valpolicella-classico-superior-ripasso-domaine-monte-dallora-venetie-bio\\\/\",\"name\":\"2021 SAUSTO Valpolicella Classico Superior RIPASSO Domaine MONTE DALL'ORA V\u00e9n\u00e9tie - bio - Vins Pirard\",\"isPartOf\":{\"@id\":\"https:\\\/\\\/vinspirard.be\\\/#website\"},\"primaryImageOfPage\":{\"@id\":\"https:\\\/\\\/vinspirard.be\\\/produit\\\/2021-sausto-valpolicella-classico-superior-ripasso-domaine-monte-dallora-venetie-bio\\\/#primaryimage\"},\"image\":{\"@id\":\"https:\\\/\\\/vinspirard.be\\\/produit\\\/2021-sausto-valpolicella-classico-superior-ripasso-domaine-monte-dallora-venetie-bio\\\/#primaryimage\"},\"thumbnailUrl\":\"https:\\\/\\\/vinspirard.be\\\/wp-content\\\/uploads\\\/2020\\\/11\\\/I1505-17.png\",\"datePublished\":\"2016-09-22T08:39:39+00:00\",\"dateModified\":\"2026-04-14T00:01:52+00:00\",\"breadcrumb\":{\"@id\":\"https:\\\/\\\/vinspirard.be\\\/produit\\\/2021-sausto-valpolicella-classico-superior-ripasso-domaine-monte-dallora-venetie-bio\\\/#breadcrumb\"},\"inLanguage\":\"nl-NL\",\"potentialAction\":[{\"@type\":\"ReadAction\",\"target\":[\"https:\\\/\\\/vinspirard.be\\\/produit\\\/2021-sausto-valpolicella-classico-superior-ripasso-domaine-monte-dallora-venetie-bio\\\/\"]}]},{\"@type\":\"ImageObject\",\"inLanguage\":\"nl-NL\",\"@id\":\"https:\\\/\\\/vinspirard.be\\\/produit\\\/2021-sausto-valpolicella-classico-superior-ripasso-domaine-monte-dallora-venetie-bio\\\/#primaryimage\",\"url\":\"https:\\\/\\\/vinspirard.be\\\/wp-content\\\/uploads\\\/2020\\\/11\\\/I1505-17.png\",\"contentUrl\":\"https:\\\/\\\/vinspirard.be\\\/wp-content\\\/uploads\\\/2020\\\/11\\\/I1505-17.png\",\"width\":412,\"height\":1500},{\"@type\":\"BreadcrumbList\",\"@id\":\"https:\\\/\\\/vinspirard.be\\\/produit\\\/2021-sausto-valpolicella-classico-superior-ripasso-domaine-monte-dallora-venetie-bio\\\/#breadcrumb\",\"itemListElement\":[{\"@type\":\"ListItem\",\"position\":1,\"name\":\"Accueil\",\"item\":\"https:\\\/\\\/vinspirard.be\\\/\"},{\"@type\":\"ListItem\",\"position\":2,\"name\":\"Produits\",\"item\":\"https:\\\/\\\/vinspirard.be\\\/produits\\\/\"},{\"@type\":\"ListItem\",\"position\":3,\"name\":\"2021 SAUSTO Valpolicella Classico Superior RIPASSO Domaine MONTE DALL'ORA V\u00e9n\u00e9tie - bio\"}]},{\"@type\":\"WebSite\",\"@id\":\"https:\\\/\\\/vinspirard.be\\\/#website\",\"url\":\"https:\\\/\\\/vinspirard.be\\\/\",\"name\":\"Vins Pirard\",\"description\":\"Vins Pirard - Uw vertrouwde wijnhandelaar sinds 1945 - Wijnen afkomstig van wijnbouwers die trots zijn op hun appellatie. Kleinhandel. Gratis levering.\",\"publisher\":{\"@id\":\"https:\\\/\\\/vinspirard.be\\\/#organization\"},\"potentialAction\":[{\"@type\":\"SearchAction\",\"target\":{\"@type\":\"EntryPoint\",\"urlTemplate\":\"https:\\\/\\\/vinspirard.be\\\/?s={search_term_string}\"},\"query-input\":{\"@type\":\"PropertyValueSpecification\",\"valueRequired\":true,\"valueName\":\"search_term_string\"}}],\"inLanguage\":\"nl-NL\"},{\"@type\":\"Organization\",\"@id\":\"https:\\\/\\\/vinspirard.be\\\/#organization\",\"name\":\"Vins Pirard\",\"url\":\"https:\\\/\\\/vinspirard.be\\\/\",\"logo\":{\"@type\":\"ImageObject\",\"inLanguage\":\"nl-NL\",\"@id\":\"https:\\\/\\\/vinspirard.be\\\/#\\\/schema\\\/logo\\\/image\\\/\",\"url\":\"https:\\\/\\\/vinspirard.be\\\/wp-content\\\/uploads\\\/2016\\\/08\\\/pirard_favicon.png\",\"contentUrl\":\"https:\\\/\\\/vinspirard.be\\\/wp-content\\\/uploads\\\/2016\\\/08\\\/pirard_favicon.png\",\"width\":512,\"height\":512,\"caption\":\"Vins Pirard\"},\"image\":{\"@id\":\"https:\\\/\\\/vinspirard.be\\\/#\\\/schema\\\/logo\\\/image\\\/\"},\"sameAs\":[\"https:\\\/\\\/www.facebook.com\\\/espacevin.pirard\",\"https:\\\/\\\/x.com\\\/vinspirard\",\"https:\\\/\\\/www.linkedin.com\\\/company\\\/888213?trk=tyah&amp;amp;amp;trkInfo=clickedVertical:company,clickedEntityId:888213,idx:2-1-9,tarId:1474633181487,tas:pirard\"],\"email\":\"info@vinspirard.com\",\"faxNumber\":\"+32 67 77 11 99\",\"telephone\":\"+32 67 77 31 01\",\"address\":{\"@type\":\"PostalAddress\",\"streetAddress\":\"Rue de Glabais, 1\",\"postalCode\":\"B-1470\",\"addressLocality\":\"Genappe\",\"addressCountry\":\"Belgium\"}}]}<\/script>\n<!-- \/ Yoast SEO plugin. -->","yoast_head_json":{"title":"2021 SAUSTO Valpolicella Classico Superior RIPASSO Domaine MONTE DALL'ORA V\u00e9n\u00e9tie - bio - Vins Pirard","robots":{"index":"index","follow":"follow","max-snippet":"max-snippet:-1","max-image-preview":"max-image-preview:large","max-video-preview":"max-video-preview:-1"},"canonical":"https:\/\/vinspirard.be\/produit\/2021-sausto-valpolicella-classico-superior-ripasso-domaine-monte-dallora-venetie-bio\/","og_locale":"nl_NL","og_type":"article","og_title":"2021 SAUSTO Valpolicella Classico Superior RIPASSO Domaine MONTE DALL'ORA V\u00e9n\u00e9tie - bio - Vins Pirard","og_description":"Deze cuv\u00e9e wordt volledig bereid volgens de techniek van de ripasso op gedroogde wijndraf. Deze SAUSTO cuv\u00e9e vertoont een zeer elegant karakter, met een levendige aanzet die evolueert naar meer fruitige accenten en een soepelere toets in de finale. Het domein Monte Dall'Ora kan bogen op een rijk verleden en een uitzonderlijk erfgoed waar zijn [&hellip;]","og_url":"https:\/\/vinspirard.be\/produit\/2021-sausto-valpolicella-classico-superior-ripasso-domaine-monte-dallora-venetie-bio\/","og_site_name":"Vins Pirard","article_publisher":"https:\/\/www.facebook.com\/espacevin.pirard","article_modified_time":"2026-04-14T00:01:52+00:00","og_image":[{"width":412,"height":1500,"url":"https:\/\/vinspirard.be\/wp-content\/uploads\/2020\/11\/I1505-17.png","type":"image\/png"}],"twitter_card":"summary_large_image","twitter_site":"@vinspirard","twitter_misc":{"Geschatte leestijd":"1 minuut"},"schema":{"@context":"https:\/\/schema.org","@graph":[{"@type":"WebPage","@id":"https:\/\/vinspirard.be\/produit\/2021-sausto-valpolicella-classico-superior-ripasso-domaine-monte-dallora-venetie-bio\/","url":"https:\/\/vinspirard.be\/produit\/2021-sausto-valpolicella-classico-superior-ripasso-domaine-monte-dallora-venetie-bio\/","name":"2021 SAUSTO Valpolicella Classico Superior RIPASSO Domaine MONTE DALL'ORA V\u00e9n\u00e9tie - bio - Vins Pirard","isPartOf":{"@id":"https:\/\/vinspirard.be\/#website"},"primaryImageOfPage":{"@id":"https:\/\/vinspirard.be\/produit\/2021-sausto-valpolicella-classico-superior-ripasso-domaine-monte-dallora-venetie-bio\/#primaryimage"},"image":{"@id":"https:\/\/vinspirard.be\/produit\/2021-sausto-valpolicella-classico-superior-ripasso-domaine-monte-dallora-venetie-bio\/#primaryimage"},"thumbnailUrl":"https:\/\/vinspirard.be\/wp-content\/uploads\/2020\/11\/I1505-17.png","datePublished":"2016-09-22T08:39:39+00:00","dateModified":"2026-04-14T00:01:52+00:00","breadcrumb":{"@id":"https:\/\/vinspirard.be\/produit\/2021-sausto-valpolicella-classico-superior-ripasso-domaine-monte-dallora-venetie-bio\/#breadcrumb"},"inLanguage":"nl-NL","potentialAction":[{"@type":"ReadAction","target":["https:\/\/vinspirard.be\/produit\/2021-sausto-valpolicella-classico-superior-ripasso-domaine-monte-dallora-venetie-bio\/"]}]},{"@type":"ImageObject","inLanguage":"nl-NL","@id":"https:\/\/vinspirard.be\/produit\/2021-sausto-valpolicella-classico-superior-ripasso-domaine-monte-dallora-venetie-bio\/#primaryimage","url":"https:\/\/vinspirard.be\/wp-content\/uploads\/2020\/11\/I1505-17.png","contentUrl":"https:\/\/vinspirard.be\/wp-content\/uploads\/2020\/11\/I1505-17.png","width":412,"height":1500},{"@type":"BreadcrumbList","@id":"https:\/\/vinspirard.be\/produit\/2021-sausto-valpolicella-classico-superior-ripasso-domaine-monte-dallora-venetie-bio\/#breadcrumb","itemListElement":[{"@type":"ListItem","position":1,"name":"Accueil","item":"https:\/\/vinspirard.be\/"},{"@type":"ListItem","position":2,"name":"Produits","item":"https:\/\/vinspirard.be\/produits\/"},{"@type":"ListItem","position":3,"name":"2021 SAUSTO Valpolicella Classico Superior RIPASSO Domaine MONTE DALL'ORA V\u00e9n\u00e9tie - bio"}]},{"@type":"WebSite","@id":"https:\/\/vinspirard.be\/#website","url":"https:\/\/vinspirard.be\/","name":"Vins Pirard","description":"Vins Pirard - Uw vertrouwde wijnhandelaar sinds 1945 - Wijnen afkomstig van wijnbouwers die trots zijn op hun appellatie. Kleinhandel. Gratis levering.","publisher":{"@id":"https:\/\/vinspirard.be\/#organization"},"potentialAction":[{"@type":"SearchAction","target":{"@type":"EntryPoint","urlTemplate":"https:\/\/vinspirard.be\/?s={search_term_string}"},"query-input":{"@type":"PropertyValueSpecification","valueRequired":true,"valueName":"search_term_string"}}],"inLanguage":"nl-NL"},{"@type":"Organization","@id":"https:\/\/vinspirard.be\/#organization","name":"Vins Pirard","url":"https:\/\/vinspirard.be\/","logo":{"@type":"ImageObject","inLanguage":"nl-NL","@id":"https:\/\/vinspirard.be\/#\/schema\/logo\/image\/","url":"https:\/\/vinspirard.be\/wp-content\/uploads\/2016\/08\/pirard_favicon.png","contentUrl":"https:\/\/vinspirard.be\/wp-content\/uploads\/2016\/08\/pirard_favicon.png","width":512,"height":512,"caption":"Vins Pirard"},"image":{"@id":"https:\/\/vinspirard.be\/#\/schema\/logo\/image\/"},"sameAs":["https:\/\/www.facebook.com\/espacevin.pirard","https:\/\/x.com\/vinspirard","https:\/\/www.linkedin.com\/company\/888213?trk=tyah&amp;amp;amp;trkInfo=clickedVertical:company,clickedEntityId:888213,idx:2-1-9,tarId:1474633181487,tas:pirard"],"email":"info@vinspirard.com","faxNumber":"+32 67 77 11 99","telephone":"+32 67 77 31 01","address":{"@type":"PostalAddress","streetAddress":"Rue de Glabais, 1","postalCode":"B-1470","addressLocality":"Genappe","addressCountry":"Belgium"}}]}},"_links":{"self":[{"href":"https:\/\/vinspirard.be\/nl\/wp-json\/wp\/v2\/product\/554","targetHints":{"allow":["GET"]}}],"collection":[{"href":"https:\/\/vinspirard.be\/nl\/wp-json\/wp\/v2\/product"}],"about":[{"href":"https:\/\/vinspirard.be\/nl\/wp-json\/wp\/v2\/types\/product"}],"replies":[{"embeddable":true,"href":"https:\/\/vinspirard.be\/nl\/wp-json\/wp\/v2\/comments?post=554"}],"wp:featuredmedia":[{"embeddable":true,"href":"https:\/\/vinspirard.be\/nl\/wp-json\/wp\/v2\/media\/84922"}],"wp:attachment":[{"href":"https:\/\/vinspirard.be\/nl\/wp-json\/wp\/v2\/media?parent=554"}],"wp:term":[{"taxonomy":"product_brand","embeddable":true,"href":"https:\/\/vinspirard.be\/nl\/wp-json\/wp\/v2\/product_brand?post=554"},{"taxonomy":"product_cat","embeddable":true,"href":"https:\/\/vinspirard.be\/nl\/wp-json\/wp\/v2\/product_cat?post=554"},{"taxonomy":"product_tag","embeddable":true,"href":"https:\/\/vinspirard.be\/nl\/wp-json\/wp\/v2\/product_tag?post=554"}],"curies":[{"name":"wp","href":"https:\/\/api.w.org\/{rel}","templated":true}]}}