{"id":760,"date":"2016-09-22T10:41:31","date_gmt":"2016-09-22T08:41:31","guid":{"rendered":"https:\/\/vinspirard.be\/produit\/vieille-prune-du-perigord-distillerie-gayral\/"},"modified":"2026-04-17T02:01:40","modified_gmt":"2026-04-17T00:01:40","slug":"vieille-prune-paul-gayral-distillateur-vieille-eau-de-vie-de-prunes-du-perigord","status":"publish","type":"product","link":"https:\/\/vinspirard.be\/nl\/produit\/vieille-prune-paul-gayral-distillateur-vieille-eau-de-vie-de-prunes-du-perigord\/","title":{"rendered":"VIEILLE PRUNE Paul GAYRAL Distillateur Vieille Eau de Vie de Prunes du P\u00e9rigord"},"content":{"rendered":"<p>Oude pruimenbrandewijn van de streek van \u00f4La Niole\u00f6. In de alambiek gestookt op ambachtelijke wijze van de pruimensoorten Oustenco of Malioureto. Daarna werd hij langzaam gerijpt in oude eiken fusten. Heerlijk te degusteren in een ijskoud glas of in een tasje koffie. U kan Cab\u00e9coukaas verpakt in kastanjebladeren laten trekken in de brandewijn of er een appelpastis mee parfumeren. De brandewijn in een zandbedekte fles is wat stroever, de kwaliteit XO is soepeler.<\/p>","protected":false},"excerpt":{"rendered":"<p>Oude pruimenbrandewijn van de streek van \u00f4La Niole\u00f6. In de alambiek gestookt op ambachtelijke wijze van de pruimensoorten Oustenco of Malioureto. Daarna werd hij langzaam gerijpt in oude eiken fusten. Heerlijk te degusteren in een ijskoud glas of in een tasje koffie. U kan Cab\u00e9coukaas verpakt in kastanjebladeren laten trekken in de brandewijn of er [&hellip;]<\/p>\n","protected":false},"featured_media":91859,"comment_status":"open","ping_status":"closed","template":"","meta":[],"product_brand":[],"product_cat":[694],"product_tag":[],"class_list":{"0":"post-760","1":"product","2":"type-product","3":"status-publish","4":"has-post-thumbnail","6":"product_cat-non-classe","7":"regions-france","8":"regions-perigord-france","9":"grapes-prune","10":"growers-distillerie-gayral","11":"liquor-divers","12":"formats-autres","14":"first","15":"instock","16":"shipping-taxable","17":"purchasable","18":"product-type-simple"},"acf":[],"yoast_head":"<!-- This site is optimized with the Yoast SEO plugin v27.4 - https:\/\/yoast.com\/product\/yoast-seo-wordpress\/ -->\n<title>VIEILLE PRUNE Paul GAYRAL Distillateur Vieille Eau de Vie de Prunes du P\u00e9rigord - Vins Pirard<\/title>\n<meta name=\"robots\" content=\"index, follow, max-snippet:-1, max-image-preview:large, max-video-preview:-1\" \/>\n<link rel=\"canonical\" href=\"https:\/\/vinspirard.be\/produit\/vieille-prune-paul-gayral-distillateur-vieille-eau-de-vie-de-prunes-du-perigord\/\" \/>\n<meta property=\"og:locale\" content=\"nl_NL\" \/>\n<meta property=\"og:type\" content=\"article\" \/>\n<meta property=\"og:title\" content=\"VIEILLE PRUNE Paul GAYRAL Distillateur Vieille Eau de Vie de Prunes du P\u00e9rigord - Vins Pirard\" \/>\n<meta property=\"og:description\" content=\"Oude pruimenbrandewijn van de streek van \u00f4La Niole\u00f6. In de alambiek gestookt op ambachtelijke wijze van de pruimensoorten Oustenco of Malioureto. Daarna werd hij langzaam gerijpt in oude eiken fusten. Heerlijk te degusteren in een ijskoud glas of in een tasje koffie. U kan Cab\u00e9coukaas verpakt in kastanjebladeren laten trekken in de brandewijn of er [&hellip;]\" \/>\n<meta property=\"og:url\" content=\"https:\/\/vinspirard.be\/produit\/vieille-prune-paul-gayral-distillateur-vieille-eau-de-vie-de-prunes-du-perigord\/\" \/>\n<meta property=\"og:site_name\" content=\"Vins Pirard\" \/>\n<meta property=\"article:publisher\" content=\"https:\/\/www.facebook.com\/espacevin.pirard\" \/>\n<meta property=\"article:modified_time\" content=\"2026-04-17T00:01:40+00:00\" \/>\n<meta property=\"og:image\" content=\"https:\/\/vinspirard.be\/wp-content\/uploads\/2016\/09\/V4800-2.png\" \/>\n\t<meta property=\"og:image:width\" content=\"486\" \/>\n\t<meta property=\"og:image:height\" content=\"1500\" \/>\n\t<meta property=\"og:image:type\" content=\"image\/png\" \/>\n<meta name=\"twitter:card\" content=\"summary_large_image\" \/>\n<meta name=\"twitter:site\" content=\"@vinspirard\" \/>\n<meta name=\"twitter:label1\" content=\"Geschatte leestijd\" \/>\n\t<meta name=\"twitter:data1\" content=\"1 minuut\" \/>\n<script type=\"application\/ld+json\" class=\"yoast-schema-graph\">{\"@context\":\"https:\\\/\\\/schema.org\",\"@graph\":[{\"@type\":\"WebPage\",\"@id\":\"https:\\\/\\\/vinspirard.be\\\/produit\\\/vieille-prune-paul-gayral-distillateur-vieille-eau-de-vie-de-prunes-du-perigord\\\/\",\"url\":\"https:\\\/\\\/vinspirard.be\\\/produit\\\/vieille-prune-paul-gayral-distillateur-vieille-eau-de-vie-de-prunes-du-perigord\\\/\",\"name\":\"VIEILLE PRUNE Paul GAYRAL Distillateur Vieille Eau de Vie de Prunes du P\u00e9rigord - Vins Pirard\",\"isPartOf\":{\"@id\":\"https:\\\/\\\/vinspirard.be\\\/#website\"},\"primaryImageOfPage\":{\"@id\":\"https:\\\/\\\/vinspirard.be\\\/produit\\\/vieille-prune-paul-gayral-distillateur-vieille-eau-de-vie-de-prunes-du-perigord\\\/#primaryimage\"},\"image\":{\"@id\":\"https:\\\/\\\/vinspirard.be\\\/produit\\\/vieille-prune-paul-gayral-distillateur-vieille-eau-de-vie-de-prunes-du-perigord\\\/#primaryimage\"},\"thumbnailUrl\":\"https:\\\/\\\/vinspirard.be\\\/wp-content\\\/uploads\\\/2016\\\/09\\\/V4800-2.png\",\"datePublished\":\"2016-09-22T08:41:31+00:00\",\"dateModified\":\"2026-04-17T00:01:40+00:00\",\"breadcrumb\":{\"@id\":\"https:\\\/\\\/vinspirard.be\\\/produit\\\/vieille-prune-paul-gayral-distillateur-vieille-eau-de-vie-de-prunes-du-perigord\\\/#breadcrumb\"},\"inLanguage\":\"nl-NL\",\"potentialAction\":[{\"@type\":\"ReadAction\",\"target\":[\"https:\\\/\\\/vinspirard.be\\\/produit\\\/vieille-prune-paul-gayral-distillateur-vieille-eau-de-vie-de-prunes-du-perigord\\\/\"]}]},{\"@type\":\"ImageObject\",\"inLanguage\":\"nl-NL\",\"@id\":\"https:\\\/\\\/vinspirard.be\\\/produit\\\/vieille-prune-paul-gayral-distillateur-vieille-eau-de-vie-de-prunes-du-perigord\\\/#primaryimage\",\"url\":\"https:\\\/\\\/vinspirard.be\\\/wp-content\\\/uploads\\\/2016\\\/09\\\/V4800-2.png\",\"contentUrl\":\"https:\\\/\\\/vinspirard.be\\\/wp-content\\\/uploads\\\/2016\\\/09\\\/V4800-2.png\",\"width\":486,\"height\":1500},{\"@type\":\"BreadcrumbList\",\"@id\":\"https:\\\/\\\/vinspirard.be\\\/produit\\\/vieille-prune-paul-gayral-distillateur-vieille-eau-de-vie-de-prunes-du-perigord\\\/#breadcrumb\",\"itemListElement\":[{\"@type\":\"ListItem\",\"position\":1,\"name\":\"Accueil\",\"item\":\"https:\\\/\\\/vinspirard.be\\\/\"},{\"@type\":\"ListItem\",\"position\":2,\"name\":\"Produits\",\"item\":\"https:\\\/\\\/vinspirard.be\\\/produits\\\/\"},{\"@type\":\"ListItem\",\"position\":3,\"name\":\"VIEILLE PRUNE Paul GAYRAL Distillateur Vieille Eau de Vie de Prunes du P\u00e9rigord\"}]},{\"@type\":\"WebSite\",\"@id\":\"https:\\\/\\\/vinspirard.be\\\/#website\",\"url\":\"https:\\\/\\\/vinspirard.be\\\/\",\"name\":\"Vins Pirard\",\"description\":\"Vins Pirard - Uw vertrouwde wijnhandelaar sinds 1945 - Wijnen afkomstig van wijnbouwers die trots zijn op hun appellatie. Kleinhandel. Gratis levering.\",\"publisher\":{\"@id\":\"https:\\\/\\\/vinspirard.be\\\/#organization\"},\"potentialAction\":[{\"@type\":\"SearchAction\",\"target\":{\"@type\":\"EntryPoint\",\"urlTemplate\":\"https:\\\/\\\/vinspirard.be\\\/?s={search_term_string}\"},\"query-input\":{\"@type\":\"PropertyValueSpecification\",\"valueRequired\":true,\"valueName\":\"search_term_string\"}}],\"inLanguage\":\"nl-NL\"},{\"@type\":\"Organization\",\"@id\":\"https:\\\/\\\/vinspirard.be\\\/#organization\",\"name\":\"Vins Pirard\",\"url\":\"https:\\\/\\\/vinspirard.be\\\/\",\"logo\":{\"@type\":\"ImageObject\",\"inLanguage\":\"nl-NL\",\"@id\":\"https:\\\/\\\/vinspirard.be\\\/#\\\/schema\\\/logo\\\/image\\\/\",\"url\":\"https:\\\/\\\/vinspirard.be\\\/wp-content\\\/uploads\\\/2016\\\/08\\\/pirard_favicon.png\",\"contentUrl\":\"https:\\\/\\\/vinspirard.be\\\/wp-content\\\/uploads\\\/2016\\\/08\\\/pirard_favicon.png\",\"width\":512,\"height\":512,\"caption\":\"Vins Pirard\"},\"image\":{\"@id\":\"https:\\\/\\\/vinspirard.be\\\/#\\\/schema\\\/logo\\\/image\\\/\"},\"sameAs\":[\"https:\\\/\\\/www.facebook.com\\\/espacevin.pirard\",\"https:\\\/\\\/x.com\\\/vinspirard\",\"https:\\\/\\\/www.linkedin.com\\\/company\\\/888213?trk=tyah&amp;amp;amp;trkInfo=clickedVertical:company,clickedEntityId:888213,idx:2-1-9,tarId:1474633181487,tas:pirard\"],\"email\":\"info@vinspirard.com\",\"faxNumber\":\"+32 67 77 11 99\",\"telephone\":\"+32 67 77 31 01\",\"address\":{\"@type\":\"PostalAddress\",\"streetAddress\":\"Rue de Glabais, 1\",\"postalCode\":\"B-1470\",\"addressLocality\":\"Genappe\",\"addressCountry\":\"Belgium\"}}]}<\/script>\n<!-- \/ Yoast SEO plugin. -->","yoast_head_json":{"title":"VIEILLE PRUNE Paul GAYRAL Distillateur Vieille Eau de Vie de Prunes du P\u00e9rigord - Vins Pirard","robots":{"index":"index","follow":"follow","max-snippet":"max-snippet:-1","max-image-preview":"max-image-preview:large","max-video-preview":"max-video-preview:-1"},"canonical":"https:\/\/vinspirard.be\/produit\/vieille-prune-paul-gayral-distillateur-vieille-eau-de-vie-de-prunes-du-perigord\/","og_locale":"nl_NL","og_type":"article","og_title":"VIEILLE PRUNE Paul GAYRAL Distillateur Vieille Eau de Vie de Prunes du P\u00e9rigord - Vins Pirard","og_description":"Oude pruimenbrandewijn van de streek van \u00f4La Niole\u00f6. In de alambiek gestookt op ambachtelijke wijze van de pruimensoorten Oustenco of Malioureto. Daarna werd hij langzaam gerijpt in oude eiken fusten. Heerlijk te degusteren in een ijskoud glas of in een tasje koffie. U kan Cab\u00e9coukaas verpakt in kastanjebladeren laten trekken in de brandewijn of er [&hellip;]","og_url":"https:\/\/vinspirard.be\/produit\/vieille-prune-paul-gayral-distillateur-vieille-eau-de-vie-de-prunes-du-perigord\/","og_site_name":"Vins Pirard","article_publisher":"https:\/\/www.facebook.com\/espacevin.pirard","article_modified_time":"2026-04-17T00:01:40+00:00","og_image":[{"width":486,"height":1500,"url":"https:\/\/vinspirard.be\/wp-content\/uploads\/2016\/09\/V4800-2.png","type":"image\/png"}],"twitter_card":"summary_large_image","twitter_site":"@vinspirard","twitter_misc":{"Geschatte leestijd":"1 minuut"},"schema":{"@context":"https:\/\/schema.org","@graph":[{"@type":"WebPage","@id":"https:\/\/vinspirard.be\/produit\/vieille-prune-paul-gayral-distillateur-vieille-eau-de-vie-de-prunes-du-perigord\/","url":"https:\/\/vinspirard.be\/produit\/vieille-prune-paul-gayral-distillateur-vieille-eau-de-vie-de-prunes-du-perigord\/","name":"VIEILLE PRUNE Paul GAYRAL Distillateur Vieille Eau de Vie de Prunes du P\u00e9rigord - Vins Pirard","isPartOf":{"@id":"https:\/\/vinspirard.be\/#website"},"primaryImageOfPage":{"@id":"https:\/\/vinspirard.be\/produit\/vieille-prune-paul-gayral-distillateur-vieille-eau-de-vie-de-prunes-du-perigord\/#primaryimage"},"image":{"@id":"https:\/\/vinspirard.be\/produit\/vieille-prune-paul-gayral-distillateur-vieille-eau-de-vie-de-prunes-du-perigord\/#primaryimage"},"thumbnailUrl":"https:\/\/vinspirard.be\/wp-content\/uploads\/2016\/09\/V4800-2.png","datePublished":"2016-09-22T08:41:31+00:00","dateModified":"2026-04-17T00:01:40+00:00","breadcrumb":{"@id":"https:\/\/vinspirard.be\/produit\/vieille-prune-paul-gayral-distillateur-vieille-eau-de-vie-de-prunes-du-perigord\/#breadcrumb"},"inLanguage":"nl-NL","potentialAction":[{"@type":"ReadAction","target":["https:\/\/vinspirard.be\/produit\/vieille-prune-paul-gayral-distillateur-vieille-eau-de-vie-de-prunes-du-perigord\/"]}]},{"@type":"ImageObject","inLanguage":"nl-NL","@id":"https:\/\/vinspirard.be\/produit\/vieille-prune-paul-gayral-distillateur-vieille-eau-de-vie-de-prunes-du-perigord\/#primaryimage","url":"https:\/\/vinspirard.be\/wp-content\/uploads\/2016\/09\/V4800-2.png","contentUrl":"https:\/\/vinspirard.be\/wp-content\/uploads\/2016\/09\/V4800-2.png","width":486,"height":1500},{"@type":"BreadcrumbList","@id":"https:\/\/vinspirard.be\/produit\/vieille-prune-paul-gayral-distillateur-vieille-eau-de-vie-de-prunes-du-perigord\/#breadcrumb","itemListElement":[{"@type":"ListItem","position":1,"name":"Accueil","item":"https:\/\/vinspirard.be\/"},{"@type":"ListItem","position":2,"name":"Produits","item":"https:\/\/vinspirard.be\/produits\/"},{"@type":"ListItem","position":3,"name":"VIEILLE PRUNE Paul GAYRAL Distillateur Vieille Eau de Vie de Prunes du P\u00e9rigord"}]},{"@type":"WebSite","@id":"https:\/\/vinspirard.be\/#website","url":"https:\/\/vinspirard.be\/","name":"Vins Pirard","description":"Vins Pirard - Uw vertrouwde wijnhandelaar sinds 1945 - Wijnen afkomstig van wijnbouwers die trots zijn op hun appellatie. Kleinhandel. Gratis levering.","publisher":{"@id":"https:\/\/vinspirard.be\/#organization"},"potentialAction":[{"@type":"SearchAction","target":{"@type":"EntryPoint","urlTemplate":"https:\/\/vinspirard.be\/?s={search_term_string}"},"query-input":{"@type":"PropertyValueSpecification","valueRequired":true,"valueName":"search_term_string"}}],"inLanguage":"nl-NL"},{"@type":"Organization","@id":"https:\/\/vinspirard.be\/#organization","name":"Vins Pirard","url":"https:\/\/vinspirard.be\/","logo":{"@type":"ImageObject","inLanguage":"nl-NL","@id":"https:\/\/vinspirard.be\/#\/schema\/logo\/image\/","url":"https:\/\/vinspirard.be\/wp-content\/uploads\/2016\/08\/pirard_favicon.png","contentUrl":"https:\/\/vinspirard.be\/wp-content\/uploads\/2016\/08\/pirard_favicon.png","width":512,"height":512,"caption":"Vins Pirard"},"image":{"@id":"https:\/\/vinspirard.be\/#\/schema\/logo\/image\/"},"sameAs":["https:\/\/www.facebook.com\/espacevin.pirard","https:\/\/x.com\/vinspirard","https:\/\/www.linkedin.com\/company\/888213?trk=tyah&amp;amp;amp;trkInfo=clickedVertical:company,clickedEntityId:888213,idx:2-1-9,tarId:1474633181487,tas:pirard"],"email":"info@vinspirard.com","faxNumber":"+32 67 77 11 99","telephone":"+32 67 77 31 01","address":{"@type":"PostalAddress","streetAddress":"Rue de Glabais, 1","postalCode":"B-1470","addressLocality":"Genappe","addressCountry":"Belgium"}}]}},"_links":{"self":[{"href":"https:\/\/vinspirard.be\/nl\/wp-json\/wp\/v2\/product\/760","targetHints":{"allow":["GET"]}}],"collection":[{"href":"https:\/\/vinspirard.be\/nl\/wp-json\/wp\/v2\/product"}],"about":[{"href":"https:\/\/vinspirard.be\/nl\/wp-json\/wp\/v2\/types\/product"}],"replies":[{"embeddable":true,"href":"https:\/\/vinspirard.be\/nl\/wp-json\/wp\/v2\/comments?post=760"}],"wp:featuredmedia":[{"embeddable":true,"href":"https:\/\/vinspirard.be\/nl\/wp-json\/wp\/v2\/media\/91859"}],"wp:attachment":[{"href":"https:\/\/vinspirard.be\/nl\/wp-json\/wp\/v2\/media?parent=760"}],"wp:term":[{"taxonomy":"product_brand","embeddable":true,"href":"https:\/\/vinspirard.be\/nl\/wp-json\/wp\/v2\/product_brand?post=760"},{"taxonomy":"product_cat","embeddable":true,"href":"https:\/\/vinspirard.be\/nl\/wp-json\/wp\/v2\/product_cat?post=760"},{"taxonomy":"product_tag","embeddable":true,"href":"https:\/\/vinspirard.be\/nl\/wp-json\/wp\/v2\/product_tag?post=760"}],"curies":[{"name":"wp","href":"https:\/\/api.w.org\/{rel}","templated":true}]}}